{"id":1059,"date":"2026-03-23T10:43:05","date_gmt":"2026-03-23T10:43:05","guid":{"rendered":"http:\/\/web2.pssr.sk\/?page_id=1059"},"modified":"2026-04-16T06:50:05","modified_gmt":"2026-04-16T06:50:05","slug":"pristup-farmara-do-cehz","status":"publish","type":"page","link":"http:\/\/web2.pssr.sk\/index.php\/sk\/pristup-farmara-do-cehz\/","title":{"rendered":"Pr\u00edstup farm\u00e1ra do CRHZ"},"content":{"rendered":"\n<h2 class=\"wp-block-heading\">Elektronick\u00fd pr\u00edstup farm\u00e1ra do Centr\u00e1lneho registra hospod\u00e1rskych zvierat<\/h2>\n\n\n\n<ul class=\"wp-block-list\">\n<li>Pr\u00edstup farm\u00e1ra do datab\u00e1zy CRHZ umo\u017e\u0148uje u\u017e\u00edvate\u013eovi bez probl\u00e9mov vyh\u013ead\u00e1va\u0165 po\u017eadovan\u00e9 inform\u00e1cie t\u00fdkaj\u00face sa jeho fariem a zvierat. Tie\u017e poskytuje z\u00e1kladn\u00e9 inform\u00e1cie o ostatn\u00fdch farm\u00e1ch a zvierat\u00e1ch.<\/li>\n\n\n\n<li>Umo\u017e\u0148uje posielanie vopred pripraven\u00fdch hl\u00e1sen\u00ed zmien a dokladov o premiestnen\u00ed do CRHZ (form\u00e1t xml).<\/li>\n\n\n\n<li>D\u00e1va preh\u013ead o hl\u00e1seniach zaslan\u00fdch u\u017e\u00edvate\u013eom elektronicky alebo po\u0161tou a ich stave spracovania.<\/li>\n\n\n\n<li>Poskytuje mo\u017enos\u0165 potvrdzovania elektronicky zaslan\u00fdch dokladov o premiestnen\u00ed druhou stranou.<\/li>\n\n\n\n<li>Zvy\u0161uje bezpe\u010dnos\u0165 dodato\u010dnou autentifik\u00e1ciou pomocou GRID karty \u2013 pri posielan\u00ed, mazan\u00ed a potvrdzovan\u00ed hl\u00e1sen\u00ed a dokladov o premiestnen\u00ed zasielan\u00fdch elektronicky cez t\u00fato aplik\u00e1ciu.<\/li>\n\n\n\n<li>Pon\u00faka aj preh\u013ead \u010d\u00edseln\u00edkov potrebn\u00fdch pre pr\u00e1cu chovate\u013ea a evidenciu zvierat v CRHZ.<\/li>\n<\/ul>\n\n\n\n<div class=\"govuk-inset-text\">\n        <h2 class=\"govuk-heading-m\">Pr\u00edstup do Centr\u00e1lneho registra hospod\u00e1rskych zvierat &#8211; CRHZ<\/h2>\n        <a href=\"https:\/\/www.crhz.sk\" class=\"govuk-button\" target=\"_blank\" rel=\"noopener noreferrer\">Vst\u00fapi\u0165<\/a>\n      <\/div>\n\n\n\n<h2 class=\"wp-block-heading\">Ako z\u00edska\u0165 pr\u00edstupov\u00e9 meno a heslo?<\/h2>\n\n\n\n<ul class=\"wp-block-list\">\n<li>stiahnite si <a href=\"https:\/\/pssr.sk\/wp-content\/uploads\/stiah\/cehz\/ziadostPF.pdf\" target=\"_blank\" rel=\"noreferrer noopener\">\u017eiados\u0165 o pridelenie pr\u00edstupu farm\u00e1ra do datab\u00e1zy CRHZ<\/a><\/li>\n\n\n\n<li>povinn\u00e9 \u00fadaje v \u017eiadosti:<\/li>\n<\/ul>\n\n\n\n<p>\u2013 va\u0161e meno a priezvisko<br>\u2013 presn\u00e1 po\u0161tov\u00e1 adresa<br>\u2013 kontakt (napr. telef\u00f3n, e-mail)<br>\u2013 \u010d\u00edsla va\u0161ich fariem, na ktor\u00e9 po\u017eadujete pr\u00edstup<br>\u2013 I\u010cO (r.\u010d. ak ide o fyzick\u00fa osobu)<\/p>\n\n\n\n<ul class=\"wp-block-list\">\n<li>posla\u0165 \u017eiados\u0165 o pridelenie pr\u00edstupu farm\u00e1ra do datab\u00e1zy CRHZ na adresu:<\/li>\n<\/ul>\n\n\n\n<p><strong>Plemen\u00e1rske slu\u017eby Slovenskej republiky, \u0161.p.<br>Centr\u00e1lny register hospod\u00e1rskych zvierat<\/strong><br>Rosinsk\u00e1 cesta 12<br>010 08 \u017dilina<\/p>\n\n\n\n<p><\/p>\n","protected":false},"excerpt":{"rendered":"<p>Elektronick\u00fd pr\u00edstup farm\u00e1ra do Centr\u00e1lneho registra hospod\u00e1rskych zvierat Pr\u00edstup do Centr\u00e1lneho registra hospod\u00e1rskych zvierat &#8211; CRHZ Vst\u00fapi\u0165 Ako z\u00edska\u0165 pr\u00edstupov\u00e9 meno a heslo? \u2013 va\u0161e meno a priezvisko\u2013 presn\u00e1 po\u0161tov\u00e1 adresa\u2013 kontakt (napr. telef\u00f3n, e-mail)\u2013 \u010d\u00edsla va\u0161ich fariem, na ktor\u00e9 po\u017eadujete pr\u00edstup\u2013 I\u010cO (r.\u010d. ak ide o fyzick\u00fa osobu) Plemen\u00e1rske slu\u017eby Slovenskej republiky, \u0161.p.Centr\u00e1lny register&#8230;<\/p>\n","protected":false},"author":1,"featured_media":0,"parent":0,"menu_order":0,"comment_status":"closed","ping_status":"closed","template":"","meta":{"footnotes":""},"class_list":["post-1059","page","type-page","status-publish","hentry"],"_links":{"self":[{"href":"http:\/\/web2.pssr.sk\/index.php\/wp-json\/wp\/v2\/pages\/1059","targetHints":{"allow":["GET"]}}],"collection":[{"href":"http:\/\/web2.pssr.sk\/index.php\/wp-json\/wp\/v2\/pages"}],"about":[{"href":"http:\/\/web2.pssr.sk\/index.php\/wp-json\/wp\/v2\/types\/page"}],"author":[{"embeddable":true,"href":"http:\/\/web2.pssr.sk\/index.php\/wp-json\/wp\/v2\/users\/1"}],"replies":[{"embeddable":true,"href":"http:\/\/web2.pssr.sk\/index.php\/wp-json\/wp\/v2\/comments?post=1059"}],"version-history":[{"count":3,"href":"http:\/\/web2.pssr.sk\/index.php\/wp-json\/wp\/v2\/pages\/1059\/revisions"}],"predecessor-version":[{"id":1122,"href":"http:\/\/web2.pssr.sk\/index.php\/wp-json\/wp\/v2\/pages\/1059\/revisions\/1122"}],"wp:attachment":[{"href":"http:\/\/web2.pssr.sk\/index.php\/wp-json\/wp\/v2\/media?parent=1059"}],"curies":[{"name":"wp","href":"https:\/\/api.w.org\/{rel}","templated":true}]}}