{"id":35,"date":"2026-03-06T12:06:18","date_gmt":"2026-03-06T12:06:18","guid":{"rendered":"http:\/\/web2.pssr.sk\/?page_id=35"},"modified":"2026-04-15T12:49:19","modified_gmt":"2026-04-15T12:49:19","slug":"plemenarske-sluzby-slovenskej-republiky-s-p","status":"publish","type":"page","link":"http:\/\/web2.pssr.sk\/index.php\/sk\/plemenarske-sluzby-slovenskej-republiky-s-p\/","title":{"rendered":"Plemen\u00e1rske slu\u017eby Slovenskej republiky, \u0161.p."},"content":{"rendered":"\n<div class=\"idsk-intro-block govuk-width-container govuk-!-padding-top-6 govuk-!-padding-bottom-6\">\n  <div class=\"govuk-grid-row\">\n\n    <div class=\"govuk-grid-column-two-thirds-from-desktop\">\n      <h1 class=\"govuk-heading-xl\">Plemen\u00e1rske slu\u017eby Slovenskej republiky, \u0161.p.<\/h1>\n      <p class=\"govuk-body\">Prin\u00e1\u0161ame inform\u00e1cie v oblasti spr\u00e1vy \u00fadajov o p\u00f4vode a produkcii hospod\u00e1rskych zvierat prostredn\u00edctvom kontroly \u00fa\u017eitkovosti a centr\u00e1lneho registra hospod\u00e1rskych zvierat na \u00fazem\u00ed Slovenskej republiky.<\/p>\n\n      <form role=\"search\" method=\"get\" action=\"\/\">\n        <div data-module=\"idsk-search-component\" class=\"idsk-search-component\">\n          <label class=\"govuk-visually-hidden\" for=\"pssr-intro-search\">Zadajte h\u013eadan\u00fd v\u00fdraz<\/label>\n          <input class=\"govuk-input idsk-search-component__input\" id=\"pssr-intro-search\" name=\"s\" type=\"search\" placeholder=\"Zadajte h\u013eadan\u00fd v\u00fdraz\">\n          <button type=\"submit\" class=\"idsk-button idsk-search-component__button\">\n            <svg width=\"18\" height=\"18\" viewBox=\"0 0 31 30\" fill=\"none\" xmlns=\"http:\/\/www.w3.org\/2000\/svg\" aria-hidden=\"true\" focusable=\"false\">\n              <path d=\"M21.0115 13.103C21.0115 17.2495 17.5484 20.6238 13.2928 20.6238C9.03714 20.6238 5.57404 17.2495 5.57404 13.103C5.57404 8.95643 9.03714 5.58212 13.2928 5.58212C17.5484 5.58212 21.0115 8.95643 21.0115 13.103ZM29.833 27.0702C29.833 26.4994 29.5918 25.9455 29.1955 25.5593L23.2858 19.8012C24.6814 17.8371 25.4223 15.4868 25.4223 13.103C25.4223 6.57259 19.995 1.28451 13.2928 1.28451C6.59058 1.28451 1.16333 6.57259 1.16333 13.103C1.16333 19.6333 6.59058 24.9214 13.2928 24.9214C15.7394 24.9214 18.1515 24.1995 20.1673 22.8398L26.077 28.5811C26.4732 28.984 27.0418 29.219 27.6276 29.219C28.8337 29.219 29.833 28.2453 29.833 27.0702Z\" fill=\"white\"\/>\n            <\/svg>\n            <span class=\"govuk-visually-hidden\">H\u013eada\u0165<\/span>\n          <\/button>\n        <\/div>\n      <\/form>\n\n      <ul class=\"idsk-intro-block__list__ul govuk-!-margin-top-4\">\n        <li class=\"idsk-intro-block__bottom-menu__li\"><strong class=\"govuk-body\">H\u013ead\u00e1te toto?<\/strong><\/li>\n        <li class=\"idsk-intro-block__bottom-menu__li\"><a href=\"https:\/\/www.crhz.sk\" class=\"govuk-link\">CRHZ<\/a><\/li>\n        <li class=\"idsk-intro-block__bottom-menu__li\"><a href=\"https:\/\/www.plis.sk\" class=\"govuk-link\">PLIS<\/a><\/li>\n        <li class=\"idsk-intro-block__bottom-menu__li\"><a href=\"\/index.php\/doskolovacie-pracovisko\/\" class=\"govuk-link\">\u0160kolenia<\/a><\/li>\n        <li class=\"idsk-intro-block__bottom-menu__li\"><a href=\"\/index.php\/geneticke-laboratorium\/\" class=\"govuk-link\">DNA anal\u00fdza zvierat<\/a><\/li>\n        <li class=\"idsk-intro-block__bottom-menu__li\"><a href=\"\/index.php\/tlaciva-centralneho-registra-hospodarskych-zvierat\/\" class=\"govuk-link\">Tla\u010div\u00e1 CRHZ<\/a><\/li>\n        <li class=\"idsk-intro-block__bottom-menu__li\"><a href=\"\/index.php\/kontakty\" class=\"govuk-link\">Kontakty<\/a><\/li>\n<li class=\"idsk-intro-block__bottom-menu__li\"><a href=\"\/index.php\/distribucne-centrum\/\" class=\"govuk-link\">Objedn\u00e1vka u\u0161n\u00fdch zna\u010diek<\/a><\/li>\n<li class=\"idsk-intro-block__bottom-menu__li\"><a href=\"https:\/\/data.slovensko.sk\/datasety?publisher=https%3A%2F%2Fdata.gov.sk%2Fid%2Flegal-subject%2F6856096\" class=\"govuk-link\">Datasety<\/a><\/li>\n      <\/ul>\n    <\/div>\n\n    <div class=\"govuk-grid-column-one-third-from-desktop\">\n      <nav class=\"idsk-intro-block__side-menu\" aria-label=\"R\u00fdchla navig\u00e1cia\">\nPOPUL\u00c1RNY OBSAH\n        <ul class=\"idsk-intro-block__side-menu__ul idsk-intro-block__side-menu__default__ul\">\n          <li class=\"idsk-intro-block__side-menu__li idsk-intro-block__side-menu__default__li\">\n            <a href=\"\/index.php\/distribucne-centrum\/\" class=\"idsk-intro-block__side-menu__a govuk-link\">Distribu\u010dn\u00e9 centrum<\/a>\n\n          <\/li>\n          <li class=\"idsk-intro-block__side-menu__li idsk-intro-block__side-menu__default__li\">\n            <a href=\"\/index.php\/publikacna-cinnost\" class=\"idsk-intro-block__side-menu__a govuk-link\">Publika\u010dn\u00e1 \u010dinnos\u0165<\/a>\n          <\/li>\n          <li class=\"idsk-intro-block__side-menu__li idsk-intro-block__side-menu__default__li\">\n            <a href=\"\/index.php\/na-stiahnutie\/\" class=\"idsk-intro-block__side-menu__a govuk-link\">Na stiahnutie<\/a>\n          <\/li>\n          <li class=\"idsk-intro-block__side-menu__li idsk-intro-block__side-menu__default__li\">\n            <a href=\"https:\/\/pssr.sk\/wp-content\/uploads\/docs\/cennik_pssr.pdf\" class=\"idsk-intro-block__side-menu__a govuk-link\">Cenn\u00edk slu\u017eieb a tovaru<\/a>\n          <\/li>\n          <li class=\"idsk-intro-block__side-menu__li idsk-intro-block__side-menu__default__li\">\n            <a href=\"\/index.php\/nahlasenie-kybernetickej-zranitelnosti\/\" class=\"idsk-intro-block__side-menu__a govuk-link\">Nahl\u00e1senie zranite\u013enosti<\/a>\n          <\/li>\n          <li class=\"idsk-intro-block__side-menu__li idsk-intro-block__side-menu__default__li\">\n            <a href=\"https:\/\/pssr.sk\/wp-content\/uploads\/docs\/PK_program_MPRV_SR_a_organizacii.pdf\" class=\"idsk-intro-block__side-menu__a govuk-link\">Nahl\u00e1senie korupcie<\/a>\n          <\/li>\n          <li class=\"idsk-intro-block__side-menu__li idsk-intro-block__side-menu__default__li\">\n            <a href=\"\/index.php\/kariera\/\" class=\"idsk-intro-block__side-menu__a govuk-link\">Kari\u00e9ra<\/a>\n          <\/li>\n        <\/ul>\n      <\/nav>\n    <\/div>\n\n  <\/div>\n<\/div>\n\n\n\n<div class=\"wp-block-idsk-container  govuk-!-padding-top-0 govuk-!-padding-bottom-0\"><div class=\"govuk-width-container\"><div class=\"wp-block-idsk-container\">\n<div class=\"wp-block-idsk-row\"><div class=\"govuk-grid-row   \"><div class=\"wp-block-idsk-row\">\n<div class=\"wp-block-idsk-column is-style-full\"><div class=\"govuk-grid-column-full\"><div class=\"    \">\n\t<hr class=\"idsk-hr-separator govuk-!-margin-bottom-6\" \/>\n\n\t<\/div><\/div><\/div>\n<\/div><\/div><\/div>\n\n\n\n<div class=\"wp-block-idsk-row\"><div class=\"govuk-grid-row   \"><div class=\"wp-block-idsk-row\">\n<div class=\"wp-block-idsk-column\"><div class=\"govuk-grid-column-full\"><div class=\"    \">\n<div class=\"wp-block-columns is-layout-flex wp-container-core-columns-is-layout-9d6595d7 wp-block-columns-is-layout-flex\">\n<div class=\"wp-block-column is-layout-flow wp-block-column-is-layout-flow\" style=\"flex-basis:66.66%\">\n<h2 class=\"wp-block-heading\">Aktuality<\/h2>\n\n\n\n\t<details class=\"govuk-details\" data-module=\"govuk-details\">\n\t\t<summary class=\"govuk-details__summary\">\n\t\t\t<span class=\"govuk-details__summary-text\">\n\t\t\t\tHl\u00e1senie \u00fadajov z reprodukcie hov\u00e4dzieho dobytka<br>do centr\u00e1lneho registra plemen\u00e1rskych \u00fadajov\t\t\t<\/span>\n\t\t<\/summary>\n\t\t<div class=\"govuk-details__text\">\n\t\t\t<a href=\"http:\/\/pssr.sk\/wp-content\/uploads\/aktual\/Hlasenie_udajov_z_reprodukcie_HD.pdf\" target=\"_blank\" rel=\"noreferrer noopener\">Stiahnu\u0165<\/a>\t\t<\/div>\n\t<\/details>\n\n\t\n\n\n\t<details class=\"govuk-details\" data-module=\"govuk-details\">\n\t\t<summary class=\"govuk-details__summary\">\n\t\t\t<span class=\"govuk-details__summary-text\">\n\t\t\t\tV\u00fdsledky kontroly \u00fa\u017eitkovosti m\u00e4sov\u00e9ho dobytka a doj\u010diacich kr\u00e1v v SR za rok 2025\t\t\t<\/span>\n\t\t<\/summary>\n\t\t<div class=\"govuk-details__text\">\n\t\t\t<a href=\"http:\/\/test.plis.sk\/volne\/rocenkamagazin\/rocenka.aspx?id=kump2025\" target=\"_blank\" rel=\"noreferrer noopener\">Pozrie\u0165 online<\/a>\t\t<\/div>\n\t<\/details>\n\n\t\n\n\n\t<details class=\"govuk-details\" data-module=\"govuk-details\">\n\t\t<summary class=\"govuk-details__summary\">\n\t\t\t<span class=\"govuk-details__summary-text\">\n\t\t\t\tOzn\u00e1menie o predkladan\u00ed \u017eiadost\u00ed \u017eiadate\u013ea o zabezpe\u010denie vecn\u00e9ho plnenia formou dotovanej slu\u017eby na K\u00da\t\t\t<\/span>\n\t\t<\/summary>\n\t\t<div class=\"govuk-details__text\">\n\t\t\t<a href=\"http:\/\/pssr.sk\/wp-content\/uploads\/aktual\/Oznam_pre_prijemcov_dotovanej_sluzby_na_KU.pdf\">Stiahnu\u0165<\/a>\t\t<\/div>\n\t<\/details>\n\n\t\n\n\n\t<details class=\"govuk-details\" data-module=\"govuk-details\">\n\t\t<summary class=\"govuk-details__summary\">\n\t\t\t<span class=\"govuk-details__summary-text\">\n\t\t\t\tV\u00fdsledky kontroly \u00fa\u017eitkovosti hov\u00e4dzieho dobytka v SR za rok 2025\t\t\t<\/span>\n\t\t<\/summary>\n\t\t<div class=\"govuk-details__text\">\n\t\t\t<a href=\"http:\/\/test.plis.sk\/volne\/rocenkamagazin\/rocenka.aspx?id=mlhd2025\" target=\"_blank\" rel=\"noreferrer noopener\">Pozrie\u0165 online<\/a>\t\t<\/div>\n\t<\/details>\n\n\t\n\n\n\t<details class=\"govuk-details\" data-module=\"govuk-details\">\n\t\t<summary class=\"govuk-details__summary\">\n\t\t\t<span class=\"govuk-details__summary-text\">\n\t\t\t\tPublik\u00e1cia k 100.v\u00fdro\u010diu K\u00da hov\u00e4dzieho dobytka a 90.v\u00fdro\u010diu K\u00da oviec\t\t\t<\/span>\n\t\t<\/summary>\n\t\t<div class=\"govuk-details__text\">\n\t\t\t<a href=\"https:\/\/pssr.sk\/wp-content\/uploads\/publ\/2026\/PSSR_publikacia_100_rokov.pdf\">Stiahnu\u0165<\/a>\t\t<\/div>\n\t<\/details>\n\n\t\n\n\n\t<details class=\"govuk-details\" data-module=\"govuk-details\">\n\t\t<summary class=\"govuk-details__summary\">\n\t\t\t<span class=\"govuk-details__summary-text\">\n\t\t\t\tMo\u017enosti pou\u017e\u00edvania programu WinReg\t\t\t<\/span>\n\t\t<\/summary>\n\t\t<div class=\"govuk-details__text\">\n\t\t\t<a href=\"https:\/\/pssr.sk\/wp-content\/uploads\/docs\/pokyny_Winreg.pdf\">Stiahnu\u0165<\/a>\t\t<\/div>\n\t<\/details>\n\n\t\n\n\n\t<details class=\"govuk-details\" data-module=\"govuk-details\">\n\t\t<summary class=\"govuk-details__summary\">\n\t\t\t<span class=\"govuk-details__summary-text\">\n\t\t\t\tZmeny v registr\u00e1cii chovu\t\t\t<\/span>\n\t\t<\/summary>\n\t\t<div class=\"govuk-details__text\">\n\t\t\tOd 1. janu\u00e1ra 2026 je v platnosti nov\u00fd z\u00e1kon \u010d. 307 z 21. okt\u00f3bra 2025, ktor\u00fdm sa men\u00ed a dop\u013a\u0148a z\u00e1kon \u010d. 39\/2007 Z. z. o veterin\u00e1rnej starostlivosti v znen\u00ed neskor\u0161\u00edch predpisov. <br>Podrobnej\u0161ie inform\u00e1cie <a href=\"https:\/\/pssr.sk\/wp-content\/uploads\/stiah\/cehz\/ZmenyRegistracieChovu2026.pdf\">Stiahnu\u0165<\/a>\t\t<\/div>\n\t<\/details>\n\n\t\n\n\n\t<details class=\"govuk-details\" data-module=\"govuk-details\">\n\t\t<summary class=\"govuk-details__summary\">\n\t\t\t<span class=\"govuk-details__summary-text\">\n\t\t\t\tA2 mlieko alebo beta kaze\u00edn a jeho formy v r\u00f4znych druhoch mlieka\t\t\t<\/span>\n\t\t<\/summary>\n\t\t<div class=\"govuk-details__text\">\n\t\t\tKompil\u00e1cia vedeck\u00fdch \u010dl\u00e1nkov vytvoren\u00e1 Plemen\u00e1rskymi slu\u017ebami SR \u0161.p. \u2013 september 2025<br><a href=\"https:\/\/pssr.sk\/wp-content\/uploads\/ac\/A2_mlieko_alebo_beta kaze\u00edn_v_roznych druhoch mlieka.pdf\">Stiahnu\u0165<\/a>\t\t<\/div>\n\t<\/details>\n\n\t\n\n\n\t<details class=\"govuk-details\" data-module=\"govuk-details\">\n\t\t<summary class=\"govuk-details__summary\">\n\t\t\t<span class=\"govuk-details__summary-text\">\n\t\t\t\tRegistr\u00e1cia chovu a hospod\u00e1rskych zvierat\t\t\t<\/span>\n\t\t<\/summary>\n\t\t<div class=\"govuk-details__text\">\n\t\t\tKa\u017ed\u00fd kto chov\u00e1 1 a viac kusov hov\u00e4dzieho dobytka, oviec, k\u00f4z, o\u0161\u00edpan\u00fdch, ko\u0148ov, v\u010delstiev, pr\u00edpadne 300 a viac ks nosivej hydiny, 1500 a viac v\u00fdkrmovej hydiny, 5 ks a viac be\u017ecov, mus\u00ed ma\u0165 registrovan\u00fd chov hospod\u00e1rskych zvierat. Na plemene zvierat a \u00fa\u010delu chovu nez\u00e1le\u017e\u00ed!<br>Postup registr\u00e1cie <a href=\"https:\/\/pssr.sk\/wp-content\/uploads\/aktual\/Registracia_chovu_a_hospodarskych_zvierat.pdf\">Stiahnu\u0165<\/a>\t\t<\/div>\n\t<\/details>\n\n\t\n\n\n\t<details class=\"govuk-details\" data-module=\"govuk-details\">\n\t\t<summary class=\"govuk-details__summary\">\n\t\t\t<span class=\"govuk-details__summary-text\">\n\t\t\t\tOznam pre pr\u00edjemcov subvencovanej slu\u017eby \u2013 kontroly \u00fa\u017eitkovosti\t\t\t<\/span>\n\t\t<\/summary>\n\t\t<div class=\"govuk-details__text\">\n\t\t\t<a href=\"https:\/\/pssr.sk\/wp-content\/uploads\/stiah\/ku\/Oznam_pre_prijemcov_subvencovanej_sluzby.docx\" target=\"_blank\" rel=\"noreferrer noopener\">Stiahnu\u0165<\/a>\t\t<\/div>\n\t<\/details>\n\n\t\n\n\n\t<details class=\"govuk-details\" data-module=\"govuk-details\">\n\t\t<summary class=\"govuk-details__summary\">\n\t\t\t<span class=\"govuk-details__summary-text\">\n\t\t\t\tZmena zasielania udalosti vy\u017eaduj\u00face potvrdenie z RVPS, pol\u00edcie, veterin\u00e1rneho lek\u00e1ra\t\t\t<\/span>\n\t\t<\/summary>\n\t\t<div class=\"govuk-details__text\">\n\t\t\tOd 12.11.2024 sa udalosti:<br><strong>21,22,23,24 <\/strong>nahl\u00e1senie star\u0161ie \u017eij\u00facich zvierat<br><strong>40<\/strong> odcudzenie<br><strong>41<\/strong> strata vplyvom pred\u00e1tora<br><strong>51<\/strong> \u00fahyn a likvid\u00e1cia na mieste<br><strong>62<\/strong> \u00fahyn a likvid\u00e1cia na mieste(o\u0161\u00edpan\u00e9)<br>Zasielaj\u00fa na Centr\u00e1lny register u\u017e <strong>iba elektronicky. <\/strong><br><br>Po\u017eadovan\u00e9 potvrdenia je potrebn\u00e9 doru\u010di\u0165 na pr\u00edslu\u0161n\u00fa RVPS, ktor\u00e1 uvedene k\u00f3dy udalosti schva\u013euje elektronicky.<br><br>Od 12.11.2024 udalos\u0165:<br><strong>08<\/strong> zmetanie<br><strong>Nie je potrebn\u00e9 potvrdenie<\/strong> od veterin\u00e1rneho lek\u00e1ra a udalos\u0165 sa zasiela na Centr\u00e1lny register iba elektronicky\t\t<\/div>\n\t<\/details>\n\n\t\n\n\n\t<details class=\"govuk-details\" data-module=\"govuk-details\">\n\t\t<summary class=\"govuk-details__summary\">\n\t\t\t<span class=\"govuk-details__summary-text\">\n\t\t\t\tNov\u00e1 slu\u017eba Laborat\u00f3ria genetiky pre chovate\u013eov hov\u00e4dzieho dobytka\t\t\t<\/span>\n\t\t<\/summary>\n\t\t<div class=\"govuk-details__text\">\n\t\t\t<a href=\"http:\/\/pssr.sk\/wp-content\/uploads\/stiah\/lg\/SNP_DNA_PSSR.pdf\">Stiahnu\u0165<\/a>\t\t<\/div>\n\t<\/details>\n\n\t\n\n\n\t<details class=\"govuk-details\" data-module=\"govuk-details\">\n\t\t<summary class=\"govuk-details__summary\">\n\t\t\t<span class=\"govuk-details__summary-text\">\n\t\t\t\t\u0160t\u00e1tna veterin\u00e1rna spr\u00e1va SR reaguje na pr\u00edspevky o konci dom\u00e1cich zab\u00edja\u010diek a zmene registr\u00e1cie chovate\u013eov<br>Stiahnu\u0165 dokument\t\t\t<\/span>\n\t\t<\/summary>\n\t\t<div class=\"govuk-details__text\">\n\t\t\t<a href=\"http:\/\/pssr.sk\/wp-content\/uploads\/cehz\/subory\/Registracia_D_chovu_osipanych.pdf\">Stiahnu\u0165<\/a>\t\t<\/div>\n\t<\/details>\n\n\t\n\n\n\t<details class=\"govuk-details\" data-module=\"govuk-details\">\n\t\t<summary class=\"govuk-details__summary\">\n\t\t\t<span class=\"govuk-details__summary-text\">\n\t\t\t\tOznam pre chovate\u013eov oviec a k\u00f4z &#8211; Zru\u0161enie premiestnenia oviec a k\u00f4z na do\u010dasn\u00fa farmu\t\t\t<\/span>\n\t\t<\/summary>\n\t\t<div class=\"govuk-details__text\">\n\t\t\tK 01.07.2024 nadobudla \u00fa\u010dinnos\u0165 vyhl\u00e1\u0161ka \u010d 436\/2023 Z. z.z 13. novembra 2023. Od 01.07.2024 s\u00fa zru\u0161en\u00e9 k\u00f3dy udalosti:<br>71 \u2013 presun barana na do\u010dasn\u00fa farmu<br>72 \u2013 presun ovce na do\u010dasn\u00fa farmu<br>73 \u2013 presun capa na do\u010dasn\u00fa farmu<br>74 \u2013 presun kozy na do\u010dasn\u00fa farmu<br>A t\u00fdm aj mo\u017enos\u0165 nahl\u00e1si\u0165 premiestnenie oviec a k\u00f4z na do\u010dasn\u00fa farmu do veku 12 mesiacov a je mo\u017en\u00e9 premiestni\u0165 ovce a kozy iba na registrovan\u00e9 chovy.\t\t<\/div>\n\t<\/details>\n\n\t\n\n\n\t<details class=\"govuk-details\" data-module=\"govuk-details\">\n\t\t<summary class=\"govuk-details__summary\">\n\t\t\t<span class=\"govuk-details__summary-text\">\n\t\t\t\tZmeny v hl\u00e1sen\u00ed zmien a presunov o\u0161\u00edpan\u00fdch od 1.7.2024\t\t\t<\/span>\n\t\t<\/summary>\n\t\t<div class=\"govuk-details__text\">\n\t\t\t<a href=\"http:\/\/pssr.sk\/wp-content\/uploads\/cehz\/subory\/Info_OS_01072024_chovatelia.pdf\">Stiahnu\u0165<\/a>\t\t<\/div>\n\t<\/details>\n\n\t\n\n\n\t<details class=\"govuk-details\" data-module=\"govuk-details\">\n\t\t<summary class=\"govuk-details__summary\">\n\t\t\t<span class=\"govuk-details__summary-text\">\n\t\t\t\tElektroniz\u00e1cia hl\u00e1sen\u00ed do Centr\u00e1lneho registra hospod\u00e1rskych zvierat\t\t\t<\/span>\n\t\t<\/summary>\n\t\t<div class=\"govuk-details__text\">\n\t\t\t<a href=\"http:\/\/pssr.sk\/wp-content\/uploads\/cehz\/subory\/Online-hl\u00e1senie-cez-pr\u00edstup-farm\u00e1ra-v6_web.pdf\">Stiahnu\u0165<\/a>\t\t<\/div>\n\t<\/details>\n\n\t\n\n\n\t<details class=\"govuk-details\" data-module=\"govuk-details\">\n\t\t<summary class=\"govuk-details__summary\">\n\t\t\t<span class=\"govuk-details__summary-text\">\n\t\t\t\tOzn\u00e1menie o predkladan\u00ed \u017eiadost\u00ed \u017eiadate\u013ea o zabezpe\u010denie vecn\u00e9ho plnenia formou dotovanej slu\u017eby na K\u00da.\t\t\t<\/span>\n\t\t<\/summary>\n\t\t<div class=\"govuk-details__text\">\n\t\t\t<a href=\"https:\/\/pssr.sk\/wp-content\/uploads\/stiah\/ku\/Oznam_dotovanej_sluzby_na_KU.docx\" target=\"_blank\" rel=\"noreferrer noopener\">Ozn\u00e1menie o predkladan\u00ed \u017eiadost\u00ed \u017eiadate\u013ea o zabezpe\u010denie vecn\u00e9ho plnenia formou dotovanej slu\u017eby na K\u00da.<\/a><br><br><a href=\"https:\/\/pssr.sk\/wp-content\/uploads\/stiah\/ku\/Ziadost_o_dotovanu_sluzbu_na_KU.docx\" target=\"_blank\" rel=\"noreferrer noopener\">\u017diados\u0165 o dotovan\u00fa slu\u017ebu na K\u00da<\/a>\t\t<\/div>\n\t<\/details>\n\n\t\n\n\n\t<details class=\"govuk-details\" data-module=\"govuk-details\">\n\t\t<summary class=\"govuk-details__summary\">\n\t\t\t<span class=\"govuk-details__summary-text\">\n\t\t\t\tPrieskum spokojnosti a potrieb z\u00e1kazn\u00edkov CLRM\t\t\t<\/span>\n\t\t<\/summary>\n\t\t<div class=\"govuk-details__text\">\n\t\t\t<a href=\"http:\/\/pssr.sk\/wp-content\/uploads\/ac\/CLRM_dotaznik.doc\">Stiahnu\u0165<\/a>\t\t<\/div>\n\t<\/details>\n\n\t\n\n\n\t<details class=\"govuk-details\" data-module=\"govuk-details\">\n\t\t<summary class=\"govuk-details__summary\">\n\t\t\t<span class=\"govuk-details__summary-text\">\n\t\t\t\tOznam pre chovate\u013eov ko\u0148ovit\u00fdch zvierat\t\t\t<\/span>\n\t\t<\/summary>\n\t\t<div class=\"govuk-details__text\">\n\t\t\tZmeny a premiestnenia ko\u0148ovit\u00fdch zvierat je potrebn\u00e9 zasla\u0165 na:<br><br><strong>Plemen\u00e1rske slu\u017eby SR, \u0161.p.<br>Centr\u00e1lny register hospod\u00e1rskych zvierat<\/strong><br>Rosinsk\u00e1 cesta 12<br>010 08 \u017dilina\t\t<\/div>\n\t<\/details>\n\n\t\n\n\n\t<details class=\"govuk-details\" data-module=\"govuk-details\">\n\t\t<summary class=\"govuk-details__summary\">\n\t\t\t<span class=\"govuk-details__summary-text\">\n\t\t\t\tRegistr\u00e1cia zvierat bez p\u00f4vodu &#8211; usmernenie &#8211; DOPLNENIE\t\t\t<\/span>\n\t\t<\/summary>\n\t\t<div class=\"govuk-details__text\">\n\t\t\t<a href=\"https:\/\/pssr.sk\/wp-content\/uploads\/docs\/Registracia_zvierat_bez_povodu_usmernenie_doplnenie.pdf\">Registr\u00e1cia zvierat bez p\u00f4vodu \u2013 usmernenie \u2013 doplnenie<\/a><br>Je doplnkom k usmerneniu \u010d.z. 4848\/220-222, \u010d.s. 4734\/2021-220 zo d\u0148a 27.05.2022 vid. ni\u017e\u0161ie<br><br><a href=\"https:\/\/pssr.sk\/wp-content\/uploads\/docs\/Registracia_zvierat_bez_povodu_usmernenie.pdf\">Registr\u00e1cia zvierat bez p\u00f4vodu \u2013 usmernenie<\/a><br><br><a href=\"https:\/\/pssr.sk\/wp-content\/uploads\/docs\/Usmernenie_k_evidencii_starsie_zijuce_zvierata__doplnenie.pdf\">Usmernenie k evidencii star\u0161ie \u017eij\u00face zvierat\u00e1<\/a>\t\t<\/div>\n\t<\/details>\n\n\t\n\n\n\t<details class=\"govuk-details\" data-module=\"govuk-details\">\n\t\t<summary class=\"govuk-details__summary\">\n\t\t\t<span class=\"govuk-details__summary-text\">\n\t\t\t\tSyst\u00e9m online hl\u00e1sen\u00ed do Centr\u00e1lneho registra hospod\u00e1rskych zvierat\t\t\t<\/span>\n\t\t<\/summary>\n\t\t<div class=\"govuk-details__text\">\n\t\t\tV aplik\u00e1cii <strong>\u201ePr\u00edstup farm\u00e1ra\u201c<\/strong> boli vytvoren\u00e9 a spr\u00edstupnen\u00e9 nov\u00e9 str\u00e1nky pre priame zad\u00e1vanie pohybov a udalost\u00ed hl\u00e1sen\u00fdch do syst\u00e9mu centr\u00e1lneho registra hospod\u00e1rskych zvierat (CRHZ) \u2013 www.crhz.sk . Tak\u00e9to roz\u0161\u00edrenie syst\u00e9mu n\u00e1m umo\u017en\u00ed obmedzenie potreby vyu\u017e\u00edvania papierovej formy komunik\u00e1cie (po\u0161tou) medzi farm\u00e1rmi a syst\u00e9mom CRHZ.<br>Z\u00e1rove\u0148 upozor\u0148ujeme na legislat\u00edvnu povinnos\u0165 na\u010falej vies\u0165 individu\u00e1lny alebo skupinov\u00fd register v chove v z\u00e1vislosti od jednotliv\u00fdch druhov hospod\u00e1rskych zvierat v papierovej forme, nako\u013eko tento nov\u00fd syst\u00e9m neumo\u017e\u0148uje generova\u0165 \u00fadaje do predmetn\u00e9ho registra ale len online vytvori\u0165 a posla\u0165 hl\u00e1senie o pohybe.\t\t<\/div>\n\t<\/details>\n\n\t\n\n\n\t<details class=\"govuk-details\" data-module=\"govuk-details\">\n\t\t<summary class=\"govuk-details__summary\">\n\t\t\t<span class=\"govuk-details__summary-text\">\n\t\t\t\tPostup registr\u00e1cie chovu o\u0161\u00edpan\u00fdch\t\t\t<\/span>\n\t\t<\/summary>\n\t\t<div class=\"govuk-details__text\">\n\t\t\t<a href=\"https:\/\/pssr.sk\/index.php\/sk\/postup-registracie-chovu-osipanych\/\">Stiahnu\u0165<\/a>\t\t<\/div>\n\t<\/details>\n\n\t\n\n\n\t<details class=\"govuk-details\" data-module=\"govuk-details\">\n\t\t<summary class=\"govuk-details__summary\">\n\t\t\t<span class=\"govuk-details__summary-text\">\n\t\t\t\tPostup registr\u00e1cie chovu o\u0161\u00edpan\u00fdch\t\t\t<\/span>\n\t\t<\/summary>\n\t\t<div class=\"govuk-details__text\">\n\t\t\t<a href=\"http:\/\/pssr.sk\/wp-content\/uploads\/cehz\/subory\/Manual_farmara.pdf\" target=\"_blank\" rel=\"noreferrer noopener\">Stiahnu\u0165<\/a>\t\t<\/div>\n\t<\/details>\n\n\t<\/div>\n\n\n\n<div class=\"wp-block-column is-layout-flow wp-block-column-is-layout-flow\" style=\"flex-basis:33.33%\"><\/div>\n<\/div>\n<\/div><\/div><\/div>\n<\/div><\/div><\/div>\n<\/div><\/div><\/div>\n\n\n\n<p><\/p>\n","protected":false},"excerpt":{"rendered":"<p>Plemen\u00e1rske slu\u017eby Slovenskej republiky, \u0161.p. Prin\u00e1\u0161ame inform\u00e1cie v oblasti spr\u00e1vy \u00fadajov o p\u00f4vode a produkcii hospod\u00e1rskych zvierat prostredn\u00edctvom kontroly \u00fa\u017eitkovosti a centr\u00e1lneho registra hospod\u00e1rskych zvierat na \u00fazem\u00ed Slovenskej republiky. Zadajte h\u013eadan\u00fd v\u00fdraz H\u013eada\u0165 H\u013ead\u00e1te toto? CRHZ PLIS \u0160kolenia DNA anal\u00fdza zvierat Tla\u010div\u00e1 CRHZ Kontakty Objedn\u00e1vka u\u0161n\u00fdch zna\u010diek Datasety POPUL\u00c1RNY OBSAH Distribu\u010dn\u00e9 centrum Publika\u010dn\u00e1 \u010dinnos\u0165 Na&#8230;<\/p>\n","protected":false},"author":1,"featured_media":0,"parent":0,"menu_order":0,"comment_status":"closed","ping_status":"closed","template":"page-homepage.php","meta":{"footnotes":""},"class_list":["post-35","page","type-page","status-publish","hentry"],"_links":{"self":[{"href":"http:\/\/web2.pssr.sk\/index.php\/wp-json\/wp\/v2\/pages\/35","targetHints":{"allow":["GET"]}}],"collection":[{"href":"http:\/\/web2.pssr.sk\/index.php\/wp-json\/wp\/v2\/pages"}],"about":[{"href":"http:\/\/web2.pssr.sk\/index.php\/wp-json\/wp\/v2\/types\/page"}],"author":[{"embeddable":true,"href":"http:\/\/web2.pssr.sk\/index.php\/wp-json\/wp\/v2\/users\/1"}],"replies":[{"embeddable":true,"href":"http:\/\/web2.pssr.sk\/index.php\/wp-json\/wp\/v2\/comments?post=35"}],"version-history":[{"count":73,"href":"http:\/\/web2.pssr.sk\/index.php\/wp-json\/wp\/v2\/pages\/35\/revisions"}],"predecessor-version":[{"id":1194,"href":"http:\/\/web2.pssr.sk\/index.php\/wp-json\/wp\/v2\/pages\/35\/revisions\/1194"}],"wp:attachment":[{"href":"http:\/\/web2.pssr.sk\/index.php\/wp-json\/wp\/v2\/media?parent=35"}],"curies":[{"name":"wp","href":"https:\/\/api.w.org\/{rel}","templated":true}]}}