{"id":395,"date":"2026-03-10T09:02:50","date_gmt":"2026-03-10T09:02:50","guid":{"rendered":"http:\/\/web2.pssr.sk\/?page_id=395"},"modified":"2026-03-12T10:57:50","modified_gmt":"2026-03-12T10:57:50","slug":"kontakty","status":"publish","type":"page","link":"http:\/\/web2.pssr.sk\/index.php\/sk\/kontakty\/","title":{"rendered":"Kontakty"},"content":{"rendered":"\n\t<div class=\"govuk-clearfix\"><\/div>\n\t<div data-module=\"idsk-crossroad\" class=\"\">\n\t\t\t\t\t<div class=\"idsk-crossroad idsk-crossroad-1\">\n\t\t\t\t\t\t\t\t\t\t<div class=\"idsk-crossroad__item \">\n\t\t\t\t\t\t\t<a href=\"\/index.php\/riaditelstvo\/\" class=\"govuk-link idsk-crossroad-title\" title=\"Riadite\u013estvo\" aria-hidden=\"\">\n\t\t\t\t\t\t\t\tRiadite\u013estvo\t\t\t\t\t\t\t<\/a>\n\t\t\t\t\t\t\t\n\t\t\t\t\t\t\t<hr class=\"idsk-crossroad-line\" aria-hidden=\"true\"\/>\n\t\t\t\t\t\t<\/div>\n\t\t\t\t\t\t\t\t\t\t\t\t<div class=\"idsk-crossroad__item \">\n\t\t\t\t\t\t\t<a href=\"\/index.php\/ucelove-plemenarske-zariadenie\/\" class=\"govuk-link idsk-crossroad-title\" title=\"\u00da\u010delov\u00e9 plemen\u00e1rske zariadenie\" aria-hidden=\"\">\n\t\t\t\t\t\t\t\t\u00da\u010delov\u00e9 plemen\u00e1rske zariadenie\t\t\t\t\t\t\t<\/a>\n\t\t\t\t\t\t\t\n\t\t\t\t\t\t\t<hr class=\"idsk-crossroad-line\" aria-hidden=\"true\"\/>\n\t\t\t\t\t\t<\/div>\n\t\t\t\t\t\t\t\t\t\t\t\t<div class=\"idsk-crossroad__item \">\n\t\t\t\t\t\t\t<a href=\"\/index.php\/regionalne-stredisko-zapad-2\/\" class=\"govuk-link idsk-crossroad-title\" title=\"Region\u00e1lne stredisko Z\u00e1pad\" aria-hidden=\"\">\n\t\t\t\t\t\t\t\tRegion\u00e1lne stredisko Z\u00e1pad\t\t\t\t\t\t\t<\/a>\n\t\t\t\t\t\t\t\n\t\t\t\t\t\t\t<hr class=\"idsk-crossroad-line\" aria-hidden=\"true\"\/>\n\t\t\t\t\t\t<\/div>\n\t\t\t\t\t\t\t\t\t\t\t\t<div class=\"idsk-crossroad__item \">\n\t\t\t\t\t\t\t<a href=\"\/index.php\/regionalne-stredisko-stred\/\" class=\"govuk-link idsk-crossroad-title\" title=\"Region\u00e1lne stredisko Stred\" aria-hidden=\"\">\n\t\t\t\t\t\t\t\tRegion\u00e1lne stredisko Stred\t\t\t\t\t\t\t<\/a>\n\t\t\t\t\t\t\t\n\t\t\t\t\t\t\t<hr class=\"idsk-crossroad-line\" aria-hidden=\"true\"\/>\n\t\t\t\t\t\t<\/div>\n\t\t\t\t\t\t\t\t\t\t\t\t<div class=\"idsk-crossroad__item \">\n\t\t\t\t\t\t\t<a href=\"\/index.php\/regionalne-stredisko-zapad\/\" class=\"govuk-link idsk-crossroad-title\" title=\"Region\u00e1lne stredisko V\u00fdchod\" aria-hidden=\"\">\n\t\t\t\t\t\t\t\tRegion\u00e1lne stredisko V\u00fdchod\t\t\t\t\t\t\t<\/a>\n\t\t\t\t\t\t\t\n\t\t\t\t\t\t\t<hr class=\"idsk-crossroad-line\" aria-hidden=\"true\"\/>\n\t\t\t\t\t\t<\/div>\n\t\t\t\t\t\t\t\t\t\t\t\t<div class=\"idsk-crossroad__item \">\n\t\t\t\t\t\t\t<a href=\"\/index.php\/centralny-register\/\" class=\"govuk-link idsk-crossroad-title\" title=\"Centr\u00e1lny register hospod\u00e1rskych zvierat\" aria-hidden=\"\">\n\t\t\t\t\t\t\t\tCentr\u00e1lny register hospod\u00e1rskych zvierat\t\t\t\t\t\t\t<\/a>\n\t\t\t\t\t\t\t\n\t\t\t\t\t\t\t<hr class=\"idsk-crossroad-line\" aria-hidden=\"true\"\/>\n\t\t\t\t\t\t<\/div>\n\t\t\t\t\t\t\t\t\t<\/div>\n\t\t\t\t<\/div>\n\n\t","protected":false},"excerpt":{"rendered":"","protected":false},"author":1,"featured_media":0,"parent":0,"menu_order":0,"comment_status":"closed","ping_status":"closed","template":"","meta":{"footnotes":""},"class_list":["post-395","page","type-page","status-publish","hentry"],"_links":{"self":[{"href":"http:\/\/web2.pssr.sk\/index.php\/wp-json\/wp\/v2\/pages\/395","targetHints":{"allow":["GET"]}}],"collection":[{"href":"http:\/\/web2.pssr.sk\/index.php\/wp-json\/wp\/v2\/pages"}],"about":[{"href":"http:\/\/web2.pssr.sk\/index.php\/wp-json\/wp\/v2\/types\/page"}],"author":[{"embeddable":true,"href":"http:\/\/web2.pssr.sk\/index.php\/wp-json\/wp\/v2\/users\/1"}],"replies":[{"embeddable":true,"href":"http:\/\/web2.pssr.sk\/index.php\/wp-json\/wp\/v2\/comments?post=395"}],"version-history":[{"count":4,"href":"http:\/\/web2.pssr.sk\/index.php\/wp-json\/wp\/v2\/pages\/395\/revisions"}],"predecessor-version":[{"id":720,"href":"http:\/\/web2.pssr.sk\/index.php\/wp-json\/wp\/v2\/pages\/395\/revisions\/720"}],"wp:attachment":[{"href":"http:\/\/web2.pssr.sk\/index.php\/wp-json\/wp\/v2\/media?parent=395"}],"curies":[{"name":"wp","href":"https:\/\/api.w.org\/{rel}","templated":true}]}}