{"id":536,"date":"2026-03-11T07:15:24","date_gmt":"2026-03-11T07:15:24","guid":{"rendered":"http:\/\/web2.pssr.sk\/?page_id=536"},"modified":"2026-03-16T17:30:41","modified_gmt":"2026-03-16T17:30:41","slug":"regionalne-stredisko-zapad-2","status":"publish","type":"page","link":"http:\/\/web2.pssr.sk\/index.php\/sk\/regionalne-stredisko-zapad-2\/","title":{"rendered":"Region\u00e1lne stredisko Z\u00e1pad"},"content":{"rendered":"\n<div class=\"wp-block-columns is-layout-flex wp-container-core-columns-is-layout-9d6595d7 wp-block-columns-is-layout-flex\">\n<div class=\"wp-block-column is-layout-flow wp-block-column-is-layout-flow\">\n<h3 class=\"wp-block-heading\">Plemen\u00e1rske slu\u017eby SR, \u0161.p.<\/h3>\n\n\n\n<p>A.Sl\u00e1dkovi\u010da 26<br>917 81 Trnava<br><a href=\"tel:+421335332864\">+421 33 5332 864<\/a><br>mapa podniku: <a href=\"https:\/\/maps.app.goo.gl\/XHYR8hdnzSzaauJi9\">mapa<\/a><\/p>\n\n\n\n<p>email: <a href=\"mailto:regiontt@pssr.sk\">regiontt@pssr.sk<\/a><br><a href=\"mailto:trnava@pssr.sk\">trnava@pssr.sk<\/a><\/p>\n\n\n\n<p><br><\/p>\n<\/div>\n\n\n\n<div class=\"wp-block-column is-layout-flow wp-block-column-is-layout-flow\">\n<h3 class=\"wp-block-heading\">Str\u00e1nkov\u00e9 dni<\/h3>\n\n\n\n\t<details class=\"govuk-details\" data-module=\"govuk-details\">\n\t\t<summary class=\"govuk-details__summary\">\n\t\t\t<span class=\"govuk-details__summary-text\">\n\t\t\t\tNitra\t\t\t<\/span>\n\t\t<\/summary>\n\t\t<div class=\"govuk-details__text\">\n\t\t\tLen po telefonickom dohovore<br><br><strong>Pavol Bolek<\/strong><br><a href=\"tel:+421905700948\">+421 905 700 948<\/a><br>Hlohoveck\u00e1 7<br>951 41 Lu\u017eianky\t\t<\/div>\n\t<\/details>\n\n\t\n\n\n\t<details class=\"govuk-details\" data-module=\"govuk-details\">\n\t\t<summary class=\"govuk-details__summary\">\n\t\t\t<span class=\"govuk-details__summary-text\">\n\t\t\t\tTopo\u013e\u010dany\t\t\t<\/span>\n\t\t<\/summary>\n\t\t<div class=\"govuk-details__text\">\n\t\t\tPondelok 8:00 \u2013 14:00 hod.<br><br><strong>Pavol Bolek<\/strong><br><a href=\"tel:+421905700948\">+421 905 700 948<\/a><br><a href=\"tel:+421385326030\">+421 38 5326 030<\/a> \/kl.420<br>Pod Kalv\u00e1riou 2209<br>955 01 Topo\u013e\u010dany\t\t<\/div>\n\t<\/details>\n\n\t\n\n\n\t<details class=\"govuk-details\" data-module=\"govuk-details\">\n\t\t<summary class=\"govuk-details__summary\">\n\t\t\t<span class=\"govuk-details__summary-text\">\n\t\t\t\tTrnava\t\t\t<\/span>\n\t\t<\/summary>\n\t\t<div class=\"govuk-details__text\">\n\t\t\tPondelok \u2013 Piatok 8:00 \u2013 13:00 hod.<br><br><strong>Ing. Peter Pie\u010d<\/strong><br><a href=\"tel:+421905700936\">+421 905 700 936<\/a><br><strong>Katar\u00edna Turansk\u00e1<\/strong><br><a href=\"tel:+421905444608\">+421 905 444 608<\/a><br><a href=\"tel:+421335332855\">+421 33 5332 855<\/a><br>A. Sl\u00e1dkovi\u010da 26<br>917 81 Trnava<br>\t\t<\/div>\n\t<\/details>\n\n\t\n\n\n\t<details class=\"govuk-details\" data-module=\"govuk-details\">\n\t\t<summary class=\"govuk-details__summary\">\n\t\t\t<span class=\"govuk-details__summary-text\">\n\t\t\t\tDunajsk\u00e1 Streda\t\t\t<\/span>\n\t\t<\/summary>\n\t\t<div class=\"govuk-details__text\">\n\t\t\tStreda 8:00 \u2013 15:00 hod.<br><br><strong>Ing. Daniel Szuszek<\/strong><br><a href=\"tel:+421905700906\">+421 905 700 906<\/a><br>Gombot\u00e1\u0161ska 5<br>929 01 Dunajsk\u00e1 Streda\t\t<\/div>\n\t<\/details>\n\n\t\n\n\n\t<details class=\"govuk-details\" data-module=\"govuk-details\">\n\t\t<summary class=\"govuk-details__summary\">\n\t\t\t<span class=\"govuk-details__summary-text\">\n\t\t\t\tGalanta\t\t\t<\/span>\n\t\t<\/summary>\n\t\t<div class=\"govuk-details__text\">\n\t\t\tPiatok 8:00 \u2013 14:00hod.<br><br><strong>Alexander Keszan<\/strong><br><a href=\"tel:+421918500382\">+421 918 500 382<\/a><br>Cintor\u00ednska 1<br>92401 Galanta\t\t<\/div>\n\t<\/details>\n\n\t\n\n\n\t<details class=\"govuk-details\" data-module=\"govuk-details\">\n\t\t<summary class=\"govuk-details__summary\">\n\t\t\t<span class=\"govuk-details__summary-text\">\n\t\t\t\tKom\u00e1rno\t\t\t<\/span>\n\t\t<\/summary>\n\t\t<div class=\"govuk-details__text\">\n\t\t\tPondelok 8:00 \u2013 14:00hod.<br><br><strong>Ing. Daniel Szuszek<\/strong><br><a href=\"tel:+421905700906\">+421 905 700 906<\/a><br>Hr\u00edbov\u00e1 33<br>945 01 Kom\u00e1rno\t\t<\/div>\n\t<\/details>\n\n\t\n\n\n\t<details class=\"govuk-details\" data-module=\"govuk-details\">\n\t\t<summary class=\"govuk-details__summary\">\n\t\t\t<span class=\"govuk-details__summary-text\">\n\t\t\t\tLevice\t\t\t<\/span>\n\t\t<\/summary>\n\t\t<div class=\"govuk-details__text\">\n\t\t\tPiatok 7:00 \u2013 14:30 hod.<br><br><strong>Margita Bal\u00e1zsov\u00e1<\/strong><br><a href=\"tel:+421915852435\">+421 915 852 435<\/a><br>FR He\u010dku 45<br>934 01 Levice\t\t<\/div>\n\t<\/details>\n\n\t\n\n\n\t<details class=\"govuk-details\" data-module=\"govuk-details\">\n\t\t<summary class=\"govuk-details__summary\">\n\t\t\t<span class=\"govuk-details__summary-text\">\n\t\t\t\tNov\u00e9 Z\u00e1mky\t\t\t<\/span>\n\t\t<\/summary>\n\t\t<div class=\"govuk-details__text\">\n\t\t\tUtorok 8:00 \u2013 14:00 hod.<br><br><strong>Zolt\u00e1n Jakabovi\u010d<\/strong><br><a href=\"tel:+421905235100\">+421 905 235 100<\/a><br>J. Simora 5<br>940 02 Nov\u00e9 Z\u00e1mky\t\t<\/div>\n\t<\/details>\n\n\t<\/div>\n<\/div>\n\n\n\n<hr class=\"wp-block-separator has-alpha-channel-opacity\"\/>\n\n\n\n\t<details class=\"govuk-details\" data-module=\"govuk-details\">\n\t\t<summary class=\"govuk-details__summary\">\n\t\t\t<span class=\"govuk-details__summary-text\">\n\t\t\t\tIng. Luk\u00e1\u0161 Lipovsk\u00fd &#8211; ved\u00faci region\u00e1lneho strediska\t\t\t<\/span>\n\t\t<\/summary>\n\t\t<div class=\"govuk-details__text\">\n\t\t\tA. Sl\u00e1dkovi\u010da 26<br>917 81 Trnava<br><a href=\"tel:+421335332866\">+421 33 5332 866<\/a> \/kl. 450<br><a href=\"tel:+421915852265\">+421 915 852 265<\/a><br><a href=\"mailto:lukaslipovsky@pssr.sk\">lukaslipovsky@pssr.sk<\/a>\t\t<\/div>\n\t<\/details>\n\n\t\n\n\n\t<details class=\"govuk-details\" data-module=\"govuk-details\">\n\t\t<summary class=\"govuk-details__summary\">\n\t\t\t<span class=\"govuk-details__summary-text\">\n\t\t\t\tIng. Peter Pie\u010d &#8211; plemen\u00e1rsky zootechnik K\u00da HZ\t\t\t<\/span>\n\t\t<\/summary>\n\t\t<div class=\"govuk-details__text\">\n\t\t\tA.Sl\u00e1dkovi\u010da 26<br>917 81 Trnava<br><a href=\"tel:+421335332866\">+421 33 5332 866<\/a> \/kl. 452<br><a href=\"tel:+421905700936\">+421 905 700 936<\/a><br><a href=\"mailto:peterpiec@pssr.sk\">peterpiec@pssr.sk<\/a>\t\t<\/div>\n\t<\/details>\n\n\t\n\n\n\t<details class=\"govuk-details\" data-module=\"govuk-details\">\n\t\t<summary class=\"govuk-details__summary\">\n\t\t\t<span class=\"govuk-details__summary-text\">\n\t\t\t\tPavol Bolek &#8211; plemen\u00e1rsky zootechnik K\u00da HZ\t\t\t<\/span>\n\t\t<\/summary>\n\t\t<div class=\"govuk-details__text\">\n\t\t\tPod Kalv\u00e1riou \u010d 2209<br>955 01 Topo\u013e\u010dany<br><a href=\"tel:+421385326030\">+421 38 5326 030<\/a> \/kl. 420<br><a href=\"tel:+421905700948\">+421 905 700 948<\/a><br><a href=\"mailto:pavolbolek@pssr.sk\">pavolbolek@pssr.sk<\/a>\t\t<\/div>\n\t<\/details>\n\n\t\n\n\n\t<details class=\"govuk-details\" data-module=\"govuk-details\">\n\t\t<summary class=\"govuk-details__summary\">\n\t\t\t<span class=\"govuk-details__summary-text\">\n\t\t\t\t\u013dubica Kuli\u0161kov\u00e1 &#8211; plemen\u00e1rsky zootechnik K\u00da HZ\t\t\t<\/span>\n\t\t<\/summary>\n\t\t<div class=\"govuk-details__text\">\n\t\t\tA.Sl\u00e1dkovi\u010da 26<br>917 81 Trnava<br><a href=\"tel:+421915851793\">+421 915 851 793<\/a>\t\t<\/div>\n\t<\/details>\n\n\t\n\n\n\t<details class=\"govuk-details\" data-module=\"govuk-details\">\n\t\t<summary class=\"govuk-details__summary\">\n\t\t\t<span class=\"govuk-details__summary-text\">\n\t\t\t\tPeter Jan\u0161\u00e1k &#8211; plemen\u00e1rsky zootechnik K\u00da HZ\t\t\t<\/span>\n\t\t<\/summary>\n\t\t<div class=\"govuk-details__text\">\n\t\t\tA.Sl\u00e1dkovi\u010da 26<br>917 81 Trnava<br><a href=\"tel:+421915852299\">+421 915 852 299<\/a>\t\t<\/div>\n\t<\/details>\n\n\t\n\n\n\t<details class=\"govuk-details\" data-module=\"govuk-details\">\n\t\t<summary class=\"govuk-details__summary\">\n\t\t\t<span class=\"govuk-details__summary-text\">\n\t\t\t\tVanda Drinkov\u00e1 &#8211; plemen\u00e1rsky zootechnik K\u00da HZ\t\t\t<\/span>\n\t\t<\/summary>\n\t\t<div class=\"govuk-details__text\">\n\t\t\tA.Sl\u00e1dkovi\u010da 26<br>917 81 Trnava<br><a href=\"tel:+421915851096\">+421 915 851 096<\/a>\t\t<\/div>\n\t<\/details>\n\n\t\n\n\n\t<details class=\"govuk-details\" data-module=\"govuk-details\">\n\t\t<summary class=\"govuk-details__summary\">\n\t\t\t<span class=\"govuk-details__summary-text\">\n\t\t\t\tKatar\u00edna Turansk\u00e1 &#8211; fakturant &#8211; \u00fa\u010dtovn\u00edk\t\t\t<\/span>\n\t\t<\/summary>\n\t\t<div class=\"govuk-details__text\">\n\t\t\tA.Sl\u00e1dkovi\u010da 26<br>917 81 Trnava<br><a href=\"tel:+421335332855\">+421 33 5332 855<\/a> \/kl. 451<br><a href=\"tel:+421905444608\">+421 905 444 608<\/a><br><a href=\"mailto:katarinaturanska@pssr.sk\">katarinaturanska@pssr.sk<\/a>\t\t<\/div>\n\t<\/details>\n\n\t\n\n\n\t<details class=\"govuk-details\" data-module=\"govuk-details\">\n\t\t<summary class=\"govuk-details__summary\">\n\t\t\t<span class=\"govuk-details__summary-text\">\n\t\t\t\tMiroslav \u0160ipek &#8211; plemen\u00e1rsky zootechnik K\u00da HZ\t\t\t<\/span>\n\t\t<\/summary>\n\t\t<div class=\"govuk-details__text\">\n\t\t\tPod Kalv\u00e1riou 2209<br>955 01 Topo\u013e\u010dany<br><a href=\"tel:+421915851857\">+421 915 851 857<\/a>\t\t<\/div>\n\t<\/details>\n\n\t\n\n\n\t<details class=\"govuk-details\" data-module=\"govuk-details\">\n\t\t<summary class=\"govuk-details__summary\">\n\t\t\t<span class=\"govuk-details__summary-text\">\n\t\t\t\tIng. Zuzana Urbanovsk\u00e1 &#8211; plemen\u00e1rsky zootechnik K\u00da HZ\t\t\t<\/span>\n\t\t<\/summary>\n\t\t<div class=\"govuk-details__text\">\n\t\t\tPod kalv\u00e1riou 2209<br>955 01 Topo\u013e\u010dany<br><a href=\"tel:+421908676323\">+421 908 676 323<\/a><br><a href=\"mailto:zuzanaurbanovska@pssr.sk\">zuzanaurbanovska@pssr.sk<\/a>\t\t<\/div>\n\t<\/details>\n\n\t\n\n\n\t<details class=\"govuk-details\" data-module=\"govuk-details\">\n\t\t<summary class=\"govuk-details__summary\">\n\t\t\t<span class=\"govuk-details__summary-text\">\n\t\t\t\t\u013dubom\u00edr Pikna &#8211; plemen\u00e1rsky zootechnik K\u00da HZ\t\t\t<\/span>\n\t\t<\/summary>\n\t\t<div class=\"govuk-details__text\">\n\t\t\tPod Kalv\u00e1riou 2209<br>955 01 Topo\u013e\u010dany<br><a href=\"tel:+421915851452\">+421 915 851 452<\/a>\t\t<\/div>\n\t<\/details>\n\n\t\n\n\n\t<details class=\"govuk-details\" data-module=\"govuk-details\">\n\t\t<summary class=\"govuk-details__summary\">\n\t\t\t<span class=\"govuk-details__summary-text\">\n\t\t\t\tJozef \u0160mahaj &#8211; plemen\u00e1rsky zootechnik K\u00da HZ\t\t\t<\/span>\n\t\t<\/summary>\n\t\t<div class=\"govuk-details__text\">\n\t\t\tPod Kalv\u00e1riou 2209<br>955 01 Topo\u013e\u010dany<br><a href=\"tel:+421915852145\">+421 915 852 145<\/a>\t\t<\/div>\n\t<\/details>\n\n\t\n\n\n\t<details class=\"govuk-details\" data-module=\"govuk-details\">\n\t\t<summary class=\"govuk-details__summary\">\n\t\t\t<span class=\"govuk-details__summary-text\">\n\t\t\t\tBc. Luk\u00e1\u0161 Kr\u00e1lik &#8211; plemen\u00e1rsky zootechnik K\u00da HZ\t\t\t<\/span>\n\t\t<\/summary>\n\t\t<div class=\"govuk-details__text\">\n\t\t\tPod Kalv\u00e1riou 2209<br>955 01 Topo\u013e\u010dany<br><a href=\"tel:+421908480936\">+421 908 480 936<\/a>\t\t<\/div>\n\t<\/details>\n\n\t\n\n\n\t<details class=\"govuk-details\" data-module=\"govuk-details\">\n\t\t<summary class=\"govuk-details__summary\">\n\t\t\t<span class=\"govuk-details__summary-text\">\n\t\t\t\tIng. Nat\u00e1lia Turansk\u00e1 &#8211; plemen\u00e1rsky zootechnik K\u00da HZ\t\t\t<\/span>\n\t\t<\/summary>\n\t\t<div class=\"govuk-details__text\">\n\t\t\tPod Kalv\u00e1riou 2209<br>955 01 Topo\u013e\u010dany<br><a href=\"tel:+421905700933\">+421 905 700 933<\/a><br><a href=\"mailto:nataliaturanska@pssr.sk\">nataliaturanska@pssr.sk<\/a>\t\t<\/div>\n\t<\/details>\n\n\t\n\n\n\t<details class=\"govuk-details\" data-module=\"govuk-details\">\n\t\t<summary class=\"govuk-details__summary\">\n\t\t\t<span class=\"govuk-details__summary-text\">\n\t\t\t\tVladim\u00edr Kuli\u0161ka &#8211; plemen\u00e1rsky zootechnik K\u00da HZ\t\t\t<\/span>\n\t\t<\/summary>\n\t\t<div class=\"govuk-details__text\">\n\t\t\tA. Sl\u00e1dkovi\u010da 26<br>917 81 Trnava<br><a href=\"tel:+421915571676\">+421 915 571 676<\/a><br><a href=\"mailto:vladimirkuliska@pssr.sk\">vladimirkuliska@pssr.sk<\/a>\t\t<\/div>\n\t<\/details>\n\n\t\n\n\n\t<details class=\"govuk-details\" data-module=\"govuk-details\">\n\t\t<summary class=\"govuk-details__summary\">\n\t\t\t<span class=\"govuk-details__summary-text\">\n\t\t\t\tIng. Daniel Szuszek &#8211; Z\u00e1stupca ved\u00faceho region\u00e1lneho strediska\t\t\t<\/span>\n\t\t<\/summary>\n\t\t<div class=\"govuk-details__text\">\n\t\t\tGombot\u00e1\u0161ska 5<br>929 01 Dunajsk\u00e1 Streda<br><a href=\"tel:+421315524861\">+421 31 5524 861<\/a> \/kl. 401<br><a href=\"tel:+421905700906\">+421 905 700 906<\/a><br><a href=\"mailto:danielszuszek@pssr.sk\">danielszuszek@pssr.sk<\/a>\t\t<\/div>\n\t<\/details>\n\n\t\n\n\n\t<details class=\"govuk-details\" data-module=\"govuk-details\">\n\t\t<summary class=\"govuk-details__summary\">\n\t\t\t<span class=\"govuk-details__summary-text\">\n\t\t\t\tZolt\u00e1n Jakabovi\u010d &#8211; plemen\u00e1rsky zootechnik K\u00da HZ\t\t\t<\/span>\n\t\t<\/summary>\n\t\t<div class=\"govuk-details__text\">\n\t\t\tJ. Simora 5<br>940 02 Nov\u00e9 Z\u00e1mky<br><a href=\"tel:+421905235100\">+421 905 235 100<\/a><br><a href=\"mailto:zoltanjakabovic@pssr.sk\">zoltanjakabovic@pssr.sk<\/a>\t\t<\/div>\n\t<\/details>\n\n\t\n\n\n\t<details class=\"govuk-details\" data-module=\"govuk-details\">\n\t\t<summary class=\"govuk-details__summary\">\n\t\t\t<span class=\"govuk-details__summary-text\">\n\t\t\t\tAttila R\u00f3zsa &#8211; plemen\u00e1rsky zootechnik K\u00da HZ\t\t\t<\/span>\n\t\t<\/summary>\n\t\t<div class=\"govuk-details__text\">\n\t\t\tGombot\u00e1\u0161ska 5<br>929 01 Dunajsk\u00e1 Streda<br><a href=\"tel:+421905444616\">+421 905 444 616<\/a>\t\t<\/div>\n\t<\/details>\n\n\t\n\n\n\t<details class=\"govuk-details\" data-module=\"govuk-details\">\n\t\t<summary class=\"govuk-details__summary\">\n\t\t\t<span class=\"govuk-details__summary-text\">\n\t\t\t\tEva \u0160tevkov\u00e1 &#8211; plemen\u00e1rsky zootechnik K\u00da HZ\t\t\t<\/span>\n\t\t<\/summary>\n\t\t<div class=\"govuk-details__text\">\n\t\t\tFr. He\u010dku 45<br>934 01 Levice<br><a href=\"tel:+421915851866\">+421 915 851 866<\/a>\t\t<\/div>\n\t<\/details>\n\n\t\n\n\n\t<details class=\"govuk-details\" data-module=\"govuk-details\">\n\t\t<summary class=\"govuk-details__summary\">\n\t\t\t<span class=\"govuk-details__summary-text\">\n\t\t\t\tJozef Blezs\u00e1k &#8211; plemen\u00e1rsky zootechnik K\u00da HZ\t\t\t<\/span>\n\t\t<\/summary>\n\t\t<div class=\"govuk-details__text\">\n\t\t\tGombot\u00e1\u0161ska 5<br>929 01 Dunajsk\u00e1 Streda<br><a href=\"tel:+421915850980\">+421 915 850 980<\/a>\t\t<\/div>\n\t<\/details>\n\n\t\n\n\n\t<details class=\"govuk-details\" data-module=\"govuk-details\">\n\t\t<summary class=\"govuk-details__summary\">\n\t\t\t<span class=\"govuk-details__summary-text\">\n\t\t\t\tLadislav Marczell &#8211; plemen\u00e1rsky zootechnik K\u00da HZ\t\t\t<\/span>\n\t\t<\/summary>\n\t\t<div class=\"govuk-details__text\">\n\t\t\tGombot\u00e1\u0161ska 5<br>929 01 Dunajsk\u00e1 Streda<br><a href=\"tel:+421915852235\">+421 915 852 235<\/a>\t\t<\/div>\n\t<\/details>\n\n\t\n\n\n\t<details class=\"govuk-details\" data-module=\"govuk-details\">\n\t\t<summary class=\"govuk-details__summary\">\n\t\t\t<span class=\"govuk-details__summary-text\">\n\t\t\t\tMargita Bal\u00e1zsov\u00e1 &#8211; plemen\u00e1rsky zootechnik K\u00da HZ\t\t\t<\/span>\n\t\t<\/summary>\n\t\t<div class=\"govuk-details__text\">\n\t\t\tFr. He\u010dku 45<br>934 01 Levice<br><a href=\"tel:+421915852435\">+421 915 852 435<\/a>\t\t<\/div>\n\t<\/details>\n\n\t\n\n\n\t<details class=\"govuk-details\" data-module=\"govuk-details\">\n\t\t<summary class=\"govuk-details__summary\">\n\t\t\t<span class=\"govuk-details__summary-text\">\n\t\t\t\tPeter Moln\u00e1r &#8211; plemen\u00e1rsky zootechnik K\u00da HZ\t\t\t<\/span>\n\t\t<\/summary>\n\t\t<div class=\"govuk-details__text\">\n\t\t\tHr\u00edbov\u00e1 33<br>945 01 Kom\u00e1rno<br><a href=\"tel:+421915850982\">+421 915 850 982<\/a>\t\t<\/div>\n\t<\/details>\n\n\t\n\n\n\t<details class=\"govuk-details\" data-module=\"govuk-details\">\n\t\t<summary class=\"govuk-details__summary\">\n\t\t\t<span class=\"govuk-details__summary-text\">\n\t\t\t\tCsilla Angyal &#8211; fakturant &#8211; \u00fa\u010dtovn\u00edk\t\t\t<\/span>\n\t\t<\/summary>\n\t\t<div class=\"govuk-details__text\">\n\t\t\tGombot\u00e1\u0161ska 5<br>929 01 Dunajsk\u00e1 Streda<br><a href=\"tel:+421315524866\">+421 31 5524 866<\/a> \/kl. 400<br><a href=\"tel:+421915851067\">+421 915 851 067<\/a><br><a href=\"mailto:csillaangyal@pssr.sk\">csillaangyal@pssr.sk<\/a>\t\t<\/div>\n\t<\/details>\n\n\t\n\n\n\t<details class=\"govuk-details\" data-module=\"govuk-details\">\n\t\t<summary class=\"govuk-details__summary\">\n\t\t\t<span class=\"govuk-details__summary-text\">\n\t\t\t\tAlexander Keszan &#8211; plemen\u00e1rsky zootechnik K\u00da HZ\t\t\t<\/span>\n\t\t<\/summary>\n\t\t<div class=\"govuk-details__text\">\n\t\t\tCintor\u00ednska 1<br>92401 Galanta<br><a href=\"tel:+421918500382\">+421 918 500 382<\/a><br><a href=\"mailto:alexanderkeszan@pssr.sk\">alexanderkeszan@pssr.sk<\/a>\t\t<\/div>\n\t<\/details>\n\n\t\n\n\n\t<details class=\"govuk-details\" data-module=\"govuk-details\">\n\t\t<summary class=\"govuk-details__summary\">\n\t\t\t<span class=\"govuk-details__summary-text\">\n\t\t\t\tBc. Edmund God\u00e1ny &#8211; plemen\u00e1rsky zootechnik K\u00da HZ\t\t\t<\/span>\n\t\t<\/summary>\n\t\t<div class=\"govuk-details__text\">\n\t\t\tGombot\u00e1\u0161ska 5<br>929 01 Dunajsk\u00e1 Streda<br><a href=\"mailto:edmundgodany@pssr.sk\">edmundgodany@pssr.sk<\/a>\t\t<\/div>\n\t<\/details>\n\n\t","protected":false},"excerpt":{"rendered":"<p>Plemen\u00e1rske slu\u017eby SR, \u0161.p. A.Sl\u00e1dkovi\u010da 26917 81 Trnava+421 33 5332 864mapa podniku: mapa email: regiontt@pssr.sktrnava@pssr.sk Str\u00e1nkov\u00e9 dni<\/p>\n","protected":false},"author":1,"featured_media":0,"parent":0,"menu_order":0,"comment_status":"closed","ping_status":"closed","template":"","meta":{"footnotes":""},"class_list":["post-536","page","type-page","status-publish","hentry"],"_links":{"self":[{"href":"http:\/\/web2.pssr.sk\/index.php\/wp-json\/wp\/v2\/pages\/536","targetHints":{"allow":["GET"]}}],"collection":[{"href":"http:\/\/web2.pssr.sk\/index.php\/wp-json\/wp\/v2\/pages"}],"about":[{"href":"http:\/\/web2.pssr.sk\/index.php\/wp-json\/wp\/v2\/types\/page"}],"author":[{"embeddable":true,"href":"http:\/\/web2.pssr.sk\/index.php\/wp-json\/wp\/v2\/users\/1"}],"replies":[{"embeddable":true,"href":"http:\/\/web2.pssr.sk\/index.php\/wp-json\/wp\/v2\/comments?post=536"}],"version-history":[{"count":37,"href":"http:\/\/web2.pssr.sk\/index.php\/wp-json\/wp\/v2\/pages\/536\/revisions"}],"predecessor-version":[{"id":859,"href":"http:\/\/web2.pssr.sk\/index.php\/wp-json\/wp\/v2\/pages\/536\/revisions\/859"}],"wp:attachment":[{"href":"http:\/\/web2.pssr.sk\/index.php\/wp-json\/wp\/v2\/media?parent=536"}],"curies":[{"name":"wp","href":"https:\/\/api.w.org\/{rel}","templated":true}]}}