{"id":593,"date":"2026-03-11T13:47:04","date_gmt":"2026-03-11T13:47:04","guid":{"rendered":"http:\/\/web2.pssr.sk\/?page_id=593"},"modified":"2026-04-15T11:43:53","modified_gmt":"2026-04-15T11:43:53","slug":"regionalne-stredisko-stred","status":"publish","type":"page","link":"http:\/\/web2.pssr.sk\/index.php\/sk\/regionalne-stredisko-stred\/","title":{"rendered":"Region\u00e1lne stredisko Stred"},"content":{"rendered":"\n<div class=\"wp-block-columns is-layout-flex wp-container-core-columns-is-layout-9d6595d7 wp-block-columns-is-layout-flex\">\n<div class=\"wp-block-column is-layout-flow wp-block-column-is-layout-flow\">\n<h3 class=\"wp-block-heading\">Plemen\u00e1rske slu\u017eby SR, \u0161.p.<\/h3>\n\n\n\n<p>Pod Bano\u0161om 33<br>974 11 Bansk\u00e1 Bystrica<br><a href=\"tel:+421484113808\">+421 48 4113 808<\/a><br>mapa podniku: <a href=\"https:\/\/maps.app.goo.gl\/cQjxbugfvkncKo2T9\">mapa<\/a><\/p>\n\n\n\n<p>email: <a href=\"mailto:regionbb@pssr.sk\">regionbb@pssr.sk<\/a><br><a href=\"mailto:bbystrica@pssr.sk\">bbystrica@pssr.sk<\/a><\/p>\n\n\n\n<p><br><\/p>\n<\/div>\n\n\n\n<div class=\"wp-block-column is-layout-flow wp-block-column-is-layout-flow\">\n<h3 class=\"wp-block-heading\">Str\u00e1nkov\u00e9 dni<\/h3>\n\n\n\n\t<details class=\"govuk-details\" data-module=\"govuk-details\">\n\t\t<summary class=\"govuk-details__summary\">\n\t\t\t<span class=\"govuk-details__summary-text\">\n\t\t\t\tBansk\u00e1 Bystrica\t\t\t<\/span>\n\t\t<\/summary>\n\t\t<div class=\"govuk-details__text\">\n\t\t\tPredaj ozna\u010dovacieho materi\u00e1lu ( u\u0161n\u00fdch zna\u010diek ) len v Pondelok v \u010dase 7:30 -11:00 a 12:00\u2013 14:30 hod.<br><br><strong>Ren\u00e1ta Gazdagov\u00e1<\/strong><br><a href=\"tel:+421915851871\">+421 915 851 871<\/a><br><a href=\"tel:+421484113808\">+421 48 4113 808<\/a><br>Pod B\u00e1no\u0161om 33<br>974 11 Bansk\u00e1 Bystrica\t\t<\/div>\n\t<\/details>\n\n\t\n\n\n\t<details class=\"govuk-details\" data-module=\"govuk-details\">\n\t\t<summary class=\"govuk-details__summary\">\n\t\t\t<span class=\"govuk-details__summary-text\">\n\t\t\t\tRimavsk\u00e1 Sobota\t\t\t<\/span>\n\t\t<\/summary>\n\t\t<div class=\"govuk-details__text\">\n\t\t\tPredaj ozna\u010dovacieho materi\u00e1lu ( u\u0161n\u00fdch zna\u010diek ) len Prv\u00fd a tret\u00ed PIATOK v mesiaci * v \u010dase 8:00 -11:00 a 11:30-14:00 hod.<br><br><strong>Ing. Daniel Zagyi<\/strong><br><a href=\"tel:+421908676325\">+421 908 676 325<\/a><br><strong>Ing. \u013dubom\u00edr Porubiak<\/strong><br><a href=\"tel:+421915851874\">+421 915 851 874<\/a><br>Kirijevsk\u00e1 22<br>979 01 Rimavsk\u00e1 Sobota <br>(budova RVPS Rimavsk\u00e1 Sobota )\t\t<\/div>\n\t<\/details>\n\n\t\n\n\n\t<details class=\"govuk-details\" data-module=\"govuk-details\">\n\t\t<summary class=\"govuk-details__summary\">\n\t\t\t<span class=\"govuk-details__summary-text\">\n\t\t\t\tLiptovsk\u00fd Mikul\u00e1\u0161\t\t\t<\/span>\n\t\t<\/summary>\n\t\t<div class=\"govuk-details__text\">\n\t\t\tPredaj ozna\u010dovacieho materi\u00e1lu ( u\u0161n\u00fdch zna\u010diek ) len v\u00a0Pondelok (len nep\u00e1rne t\u00fd\u017edne v roku) v \u010dase 8:00 \u2013 13:00 hod.<br><br><strong>Bc. Tibor Kondor<\/strong><br><a href=\"tel:+421905444612\">+421 905 444 612<\/a><br><strong>Ivana Kloptova<\/strong><br><a href=\"tel:+421915851697\">+421 915 851 697<\/a><br>Koll\u00e1rova 2<br>031 01 Liptovsk\u00fd Mikul\u00e1\u0161\t\t<\/div>\n\t<\/details>\n\n\t\n\n\n\t<details class=\"govuk-details\" data-module=\"govuk-details\">\n\t\t<summary class=\"govuk-details__summary\">\n\t\t\t<span class=\"govuk-details__summary-text\">\n\t\t\t\tTvrdo\u0161\u00edn\t\t\t<\/span>\n\t\t<\/summary>\n\t\t<div class=\"govuk-details__text\">\n\t\t\tPredaj ozna\u010dovacieho materi\u00e1lu ( u\u0161n\u00fdch zna\u010diek ) len v Pondelok (len p\u00e1rne t\u00fd\u017edne v roku) v \u010dase 8:00 \u2013 13:00 hod.<br><br><strong>Jane\u010dkov\u00e1 Zuzana<\/strong><br><a href=\"tel:+421908676326\">+421 908 676 326<\/a><br>\u00daPSVR Medvedzie \u010d. 132<br>027 44 Tvrdo\u0161\u00edn\t\t<\/div>\n\t<\/details>\n\n\t\n\n\n\t<details class=\"govuk-details\" data-module=\"govuk-details\">\n\t\t<summary class=\"govuk-details__summary\">\n\t\t\t<span class=\"govuk-details__summary-text\">\n\t\t\t\t\u017dilina\t\t\t<\/span>\n\t\t<\/summary>\n\t\t<div class=\"govuk-details__text\">\n\t\t\tPredaj ozna\u010dovacieho materi\u00e1lu ( u\u0161n\u00fdch zna\u010diek ) len v STREDU v \u010dase 7:30 \u2013 11:00 hod 12:00 \u2013 14:30 hod.<br><br><strong>Ing. Jana Zajacov\u00e1<\/strong><br><a href=\"tel:+421915852128\">+421 915 852 128<\/a><br><strong>Hole\u0161ov\u00e1 Roz\u00e1lia<\/strong><br><a href=\"tel:+421915852038\">+421 915 852 038<\/a><br>Rosinsk\u00e1 cesta12<br>010 08 \u017dilina\t\t<\/div>\n\t<\/details>\n\n\t<\/div>\n<\/div>\n\n\n\n<hr class=\"wp-block-separator has-alpha-channel-opacity\"\/>\n\n\n\n\t<details class=\"govuk-details\" data-module=\"govuk-details\">\n\t\t<summary class=\"govuk-details__summary\">\n\t\t\t<span class=\"govuk-details__summary-text\">\n\t\t\t\tIng. Daniel Raj\u010dok &#8211; ved\u00faci region\u00e1lneho strediska\t\t\t<\/span>\n\t\t<\/summary>\n\t\t<div class=\"govuk-details__text\">\n\t\t\tPod Bano\u0161om 33<br>974 11 Bansk\u00e1 Bystrica<br><a href=\"tel:00421905700808\">+421 905 700 808<\/a><br><a href=\"mailto:danielrajcok@pssr.sk\">danielrajcok@pssr.sk<\/a>\t\t<\/div>\n\t<\/details>\n\n\t\n\n\n\t<details class=\"govuk-details\" data-module=\"govuk-details\">\n\t\t<summary class=\"govuk-details__summary\">\n\t\t\t<span class=\"govuk-details__summary-text\">\n\t\t\t\tRen\u00e1ta Gazdagov\u00e1 &#8211; fakturantka &#8211; \u00fa\u010dtovn\u00ed\u010dka\t\t\t<\/span>\n\t\t<\/summary>\n\t\t<div class=\"govuk-details__text\">\n\t\t\tPod Bano\u0161om 33<br>974 11 Bansk\u00e1 Bystrica<br><a href=\"tel:00421484113808\">+421 48 4113 808<\/a><br><a href=\"tel:00421915851871\">+421 915 851 871<\/a><br><a href=\"mailto:renatagazdagova@pssr.sk\">renatagazdagova@pssr.sk<\/a>\t\t<\/div>\n\t<\/details>\n\n\t\n\n\n\t<details class=\"govuk-details\" data-module=\"govuk-details\">\n\t\t<summary class=\"govuk-details__summary\">\n\t\t\t<span class=\"govuk-details__summary-text\">\n\t\t\t\tMVDr. Katar\u00edna Nemesk\u00fcrthyov\u00e1 &#8211; plemen\u00e1rsky zootechnik K\u00da HZ\t\t\t<\/span>\n\t\t<\/summary>\n\t\t<div class=\"govuk-details__text\">\n\t\t\tN\u00e1m. SNP 50<br>960 01 Zvolen<br><a href=\"tel:00421905700945\">+421 905 700 945<\/a><br><a href=\"mailto:katarinanemeskurthyova@pssr.sk\">katarinanemeskurthyova@pssr.sk<\/a>\t\t<\/div>\n\t<\/details>\n\n\t\n\n\n\t<details class=\"govuk-details\" data-module=\"govuk-details\">\n\t\t<summary class=\"govuk-details__summary\">\n\t\t\t<span class=\"govuk-details__summary-text\">\n\t\t\t\tJaroslav Fa\u0161ko &#8211; plemen\u00e1rsky zootechnik K\u00da HZ\t\t\t<\/span>\n\t\t<\/summary>\n\t\t<div class=\"govuk-details__text\">\n\t\t\tPod B\u00e1no\u0161om 33<br>974 11 Bansk\u00e1 Bystrica<br><a href=\"tel:00421908676324\">+421 908 676 324<\/a><br><a href=\"mailto:jaroslavfasko@pssr.sk\">jaroslavfasko@pssr.sk<\/a>\t\t<\/div>\n\t<\/details>\n\n\t\n\n\n\t<details class=\"govuk-details\" data-module=\"govuk-details\">\n\t\t<summary class=\"govuk-details__summary\">\n\t\t\t<span class=\"govuk-details__summary-text\">\n\t\t\t\tIng. \u013dubom\u00edr Porubiak &#8211; plemen\u00e1rsky zootechnik K\u00da HZ\t\t\t<\/span>\n\t\t<\/summary>\n\t\t<div class=\"govuk-details__text\">\n\t\t\tKirijevsk\u00e1 22<br>979 01 Rimavsk\u00e1 Sobota<br><a href=\"tel:00421915851874\">+421 915 851 874<\/a><br><a href=\"mailto:lubomirporubiak@pssr.sk\">lubomirporubiak@pssr.sk<\/a>\t\t<\/div>\n\t<\/details>\n\n\t\n\n\n\t<details class=\"govuk-details\" data-module=\"govuk-details\">\n\t\t<summary class=\"govuk-details__summary\">\n\t\t\t<span class=\"govuk-details__summary-text\">\n\t\t\t\tIng. Daniel Zagyi &#8211; plemen\u00e1rsky zootechnik K\u00da HZ\t\t\t<\/span>\n\t\t<\/summary>\n\t\t<div class=\"govuk-details__text\">\n\t\t\tKirijevsk\u00e1 22<br>979 01 Rimavsk\u00e1 Sobota<br><a href=\"tel:00421908676325\">+421 908 676 325<\/a><br><a href=\"mailto:danielzagyi@pssr.sk\">danielzagyi@pssr.sk<\/a>\t\t<\/div>\n\t<\/details>\n\n\t\n\n\n\t<details class=\"govuk-details\" data-module=\"govuk-details\">\n\t\t<summary class=\"govuk-details__summary\">\n\t\t\t<span class=\"govuk-details__summary-text\">\n\t\t\t\tIng. Jarmila Tr\u010danov\u00e1 &#8211; plemen\u00e1rsky zootechnik K\u00da HZ\t\t\t<\/span>\n\t\t<\/summary>\n\t\t<div class=\"govuk-details__text\">\n\t\t\tN\u00e1m. SNP 50<br>960 01 Zvolen<br><a href=\"tel:00421908676331\">+421 908 676 331<\/a><br><a href=\"mailto:jarmilatrcanova@pssr.sk\">jarmilatrcanova@pssr.sk<\/a>\t\t<\/div>\n\t<\/details>\n\n\t\n\n\n\t<details class=\"govuk-details\" data-module=\"govuk-details\">\n\t\t<summary class=\"govuk-details__summary\">\n\t\t\t<span class=\"govuk-details__summary-text\">\n\t\t\t\tIng. Lenka Trnka &#8211; plemen\u00e1rsky zootechnik K\u00da HZ\t\t\t<\/span>\n\t\t<\/summary>\n\t\t<div class=\"govuk-details__text\">\n\t\t\tPod B\u00e1no\u0161om 33<br>974 11 Bansk\u00e1 Bystrica<br><a href=\"tel:+421915851746\">+421 915 851 <\/a><a href=\"tel:00421915851746\">746<\/a><br><a href=\"mailto:lenkatrnka@pssr.sk\">lenkatrnka@pssr.sk<\/a>\t\t<\/div>\n\t<\/details>\n\n\t\n\n\n\t<details class=\"govuk-details\" data-module=\"govuk-details\">\n\t\t<summary class=\"govuk-details__summary\">\n\t\t\t<span class=\"govuk-details__summary-text\">\n\t\t\t\tRoz\u00e1lia Hole\u0161ov\u00e1 &#8211; z\u00e1stupky\u0148a ved\u00faceho region\u00e1lneho strediska\t\t\t<\/span>\n\t\t<\/summary>\n\t\t<div class=\"govuk-details__text\">\n\t\t\tRosinsk\u00e1 cesta 12<br>010 08 \u017dilina<br><a href=\"tel:00421915852038\">+421 915 852 038<\/a><br><a href=\"mailto:rozaliaholesova@pssr.sk\">rozaliaholesova@pssr.sk<\/a>\t\t<\/div>\n\t<\/details>\n\n\t\n\n\n\t<details class=\"govuk-details\" data-module=\"govuk-details\">\n\t\t<summary class=\"govuk-details__summary\">\n\t\t\t<span class=\"govuk-details__summary-text\">\n\t\t\t\tIng. Jana Zajacov\u00e1 &#8211; fakturant &#8211; \u00fa\u010dtovn\u00edk\t\t\t<\/span>\n\t\t<\/summary>\n\t\t<div class=\"govuk-details__text\">\n\t\t\tRosinsk\u00e1 cesta 12<br>010 08 \u017dilina<br><a href=\"tel:+421415650825\">+421 41 5650 825<\/a> \/kl. 750<br><a href=\"tel:+421915852128\">+421 915 852 <\/a><a href=\"tel:00421915852128\">128<\/a><br><a href=\"mailto:janazajacova@pssr.sk\">janazajacova@pssr.sk<\/a>\t\t<\/div>\n\t<\/details>\n\n\t\n\n\n\t<details class=\"govuk-details\" data-module=\"govuk-details\">\n\t\t<summary class=\"govuk-details__summary\">\n\t\t\t<span class=\"govuk-details__summary-text\">\n\t\t\t\tZuzana Jane\u010dkov\u00e1 &#8211; plemen\u00e1rsky zootechnik K\u00da HZ\t\t\t<\/span>\n\t\t<\/summary>\n\t\t<div class=\"govuk-details__text\">\n\t\t\t\u00daPSVR Medvedzie \u010d. 132<br>027 44 Tvrdo\u0161\u00edn<br><a href=\"tel:+421908676326\">+421 908 <\/a><a href=\"tel:00421908676326\">676 <\/a><a href=\"tel:+421908676326\">326<\/a><br><a href=\"mailto:zuzanajaneckova@pssr.sk\">zuzanajaneckova@pssr.sk<\/a>\t\t<\/div>\n\t<\/details>\n\n\t\n\n\n\t<details class=\"govuk-details\" data-module=\"govuk-details\">\n\t\t<summary class=\"govuk-details__summary\">\n\t\t\t<span class=\"govuk-details__summary-text\">\n\t\t\t\tIng. Dominika Gre\u0148ov\u00e1 &#8211; plemen\u00e1rsky zootechnik K\u00da HZ\t\t\t<\/span>\n\t\t<\/summary>\n\t\t<div class=\"govuk-details__text\">\n\t\t\tRopsinsk\u00e1 cesta 12<br>010 08 \u017dilina<br><a href=\"tel:00421915851179\">+421 915 851 179<\/a><br><a href=\"mailto:dominikagrenova@pssr.sk\">dominikagrenova@pssr.sk<\/a>\t\t<\/div>\n\t<\/details>\n\n\t\n\n\n\t<details class=\"govuk-details\" data-module=\"govuk-details\">\n\t\t<summary class=\"govuk-details__summary\">\n\t\t\t<span class=\"govuk-details__summary-text\">\n\t\t\t\tIvana Kloptova &#8211; plemen\u00e1rsky zootechnik K\u00da HZ\t\t\t<\/span>\n\t\t<\/summary>\n\t\t<div class=\"govuk-details__text\">\n\t\t\tKoll\u00e1rov\u00e1 2<br>031 01 Liptovsk\u00fd Mikul\u00e1\u0161<br><a href=\"tel:00421915851697\">+421 915 851 697<\/a><br><a href=\"mailto:ivanakloptova@pssr.sk\">ivanakloptova@pssr.sk<\/a>\t\t<\/div>\n\t<\/details>\n\n\t\n\n\n\t<details class=\"govuk-details\" data-module=\"govuk-details\">\n\t\t<summary class=\"govuk-details__summary\">\n\t\t\t<span class=\"govuk-details__summary-text\">\n\t\t\t\tBc. Tibor Kondor &#8211; plemen\u00e1rsky zootechnik K\u00da HZ\t\t\t<\/span>\n\t\t<\/summary>\n\t\t<div class=\"govuk-details__text\">\n\t\t\tKoll\u00e1rov\u00e1 2<br>031 01 Liptovsk\u00fd Mikul\u00e1\u0161<br><a href=\"tel:00421905444612\">+421 905 444 612<\/a><br><a href=\"mailto:tiborkondor@pssr.sk\">tiborkondor@pssr.sk<\/a>\t\t<\/div>\n\t<\/details>\n\n\t\n\n\n\t<details class=\"govuk-details\" data-module=\"govuk-details\">\n\t\t<summary class=\"govuk-details__summary\">\n\t\t\t<span class=\"govuk-details__summary-text\">\n\t\t\t\tIng. Dana N\u011bmcov\u00e1 &#8211; plemen\u00e1rsky zootechnik K\u00da HZ\t\t\t<\/span>\n\t\t<\/summary>\n\t\t<div class=\"govuk-details__text\">\n\t\t\tRosinsk\u00e1 cesta 12<br>010 08 \u017dilina<br><a href=\"tel:00421915852438\">+421 915 852 438<\/a><br><a href=\"mailto:dananemcova@pssr.sk\">dananemcova@pssr.sk<\/a>\t\t<\/div>\n\t<\/details>\n\n\t\n\n\n\t<details class=\"govuk-details\" data-module=\"govuk-details\">\n\t\t<summary class=\"govuk-details__summary\">\n\t\t\t<span class=\"govuk-details__summary-text\">\n\t\t\t\tJuraj Zad\u0148an &#8211; plemen\u00e1rsky zootechnik K\u00da HZ\t\t\t<\/span>\n\t\t<\/summary>\n\t\t<div class=\"govuk-details__text\">\n\t\t\tRosinsk\u00e1 cesta 12<br>010 08 \u017dilina<br><a href=\"tel:+421915851701\">+421 915 <\/a><a href=\"tel:00421915851701\">851 <\/a><a href=\"tel:+421915851701\">701<\/a><br><a href=\"mailto:jurajzadnan@pssr.sk\">jurajzadnan@pssr.sk<\/a>\t\t<\/div>\n\t<\/details>\n\n\t\n\n\n\t<details class=\"govuk-details\" data-module=\"govuk-details\">\n\t\t<summary class=\"govuk-details__summary\">\n\t\t\t<span class=\"govuk-details__summary-text\">\n\t\t\t\tIng. Miriam Bockov\u00e1 &#8211; plemen\u00e1rsky zootechnik K\u00da HZ\t\t\t<\/span>\n\t\t<\/summary>\n\t\t<div class=\"govuk-details__text\">\n\t\t\tRosinsk\u00e1 cesta 12<br>010 08 \u017dilina<br><a href=\"tel:+421918963478\">+421 918 <\/a><a href=\"tel:00421918963478\">963 <\/a><a href=\"tel:+421918963478\">478<\/a><br><a href=\"mailto:miriambockova@pssr.sk\">miriambockova@pssr.sk<\/a>\t\t<\/div>\n\t<\/details>\n\n\t\n\n\n\t<details class=\"govuk-details\" data-module=\"govuk-details\">\n\t\t<summary class=\"govuk-details__summary\">\n\t\t\t<span class=\"govuk-details__summary-text\">\n\t\t\t\tIng. Petra Frn\u010dov\u00e1 &#8211; plemen\u00e1rsky zootechnik K\u00da HZ\t\t\t<\/span>\n\t\t<\/summary>\n\t\t<div class=\"govuk-details__text\">\n\t\t\tRosinsk\u00e1 cesta 12<br>010 08 \u017dilina<br><a href=\"tel:+421908679327\">+421 908 <\/a><a href=\"tel:00421908679327\">679 <\/a><a href=\"tel:+421908679327\">327<\/a><br><a href=\"mailto:petrafrncova@pssr.sk\">petrafrncova@pssr.sk<\/a>\t\t<\/div>\n\t<\/details>\n\n\t\n\n\n\t<details class=\"govuk-details\" data-module=\"govuk-details\">\n\t\t<summary class=\"govuk-details__summary\">\n\t\t\t<span class=\"govuk-details__summary-text\">\n\t\t\t\tJozef Grobar\u010d\u00edk &#8211; plemen\u00e1rsky zootechnik K\u00da HZ\t\t\t<\/span>\n\t\t<\/summary>\n\t\t<div class=\"govuk-details__text\">\n\t\t\t\u00daPSVR Medvedzie \u010d. 132<br>027 44 Tvrdo\u0161\u00edn<br><a href=\"tel:+421915853183\">+421 915 <\/a><a href=\"tel:00421915853183\">853 <\/a><a href=\"tel:+421915853183\">183<\/a><br><a href=\"mailto:jozefgrobarcik@pssr.sk\">jozefgrobarcik@pssr.sk<\/a>\t\t<\/div>\n\t<\/details>\n\n\t","protected":false},"excerpt":{"rendered":"<p>Plemen\u00e1rske slu\u017eby SR, \u0161.p. Pod Bano\u0161om 33974 11 Bansk\u00e1 Bystrica+421 48 4113 808mapa podniku: mapa email: regionbb@pssr.skbbystrica@pssr.sk Str\u00e1nkov\u00e9 dni<\/p>\n","protected":false},"author":1,"featured_media":0,"parent":0,"menu_order":0,"comment_status":"closed","ping_status":"closed","template":"","meta":{"footnotes":""},"class_list":["post-593","page","type-page","status-publish","hentry"],"_links":{"self":[{"href":"http:\/\/web2.pssr.sk\/index.php\/wp-json\/wp\/v2\/pages\/593","targetHints":{"allow":["GET"]}}],"collection":[{"href":"http:\/\/web2.pssr.sk\/index.php\/wp-json\/wp\/v2\/pages"}],"about":[{"href":"http:\/\/web2.pssr.sk\/index.php\/wp-json\/wp\/v2\/types\/page"}],"author":[{"embeddable":true,"href":"http:\/\/web2.pssr.sk\/index.php\/wp-json\/wp\/v2\/users\/1"}],"replies":[{"embeddable":true,"href":"http:\/\/web2.pssr.sk\/index.php\/wp-json\/wp\/v2\/comments?post=593"}],"version-history":[{"count":22,"href":"http:\/\/web2.pssr.sk\/index.php\/wp-json\/wp\/v2\/pages\/593\/revisions"}],"predecessor-version":[{"id":1143,"href":"http:\/\/web2.pssr.sk\/index.php\/wp-json\/wp\/v2\/pages\/593\/revisions\/1143"}],"wp:attachment":[{"href":"http:\/\/web2.pssr.sk\/index.php\/wp-json\/wp\/v2\/media?parent=593"}],"curies":[{"name":"wp","href":"https:\/\/api.w.org\/{rel}","templated":true}]}}