{"id":654,"date":"2026-03-12T07:47:15","date_gmt":"2026-03-12T07:47:15","guid":{"rendered":"http:\/\/web2.pssr.sk\/?page_id=654"},"modified":"2026-03-12T07:48:20","modified_gmt":"2026-03-12T07:48:20","slug":"nahlasenie-kybernetickej-zranitelnosti","status":"publish","type":"page","link":"http:\/\/web2.pssr.sk\/index.php\/sk\/nahlasenie-kybernetickej-zranitelnosti\/","title":{"rendered":"Nahl\u00e1senie kybernetickej zranite\u013enosti"},"content":{"rendered":"\n<p>Ak ste v na\u0161ich syst\u00e9moch alebo slu\u017eb\u00e1ch identifikovali zranite\u013enos\u0165, pros\u00edme V\u00e1s o jej nahl\u00e1senie v s\u00falade s princ\u00edpmi zodpovedn\u00e9ho zverej\u0148ovania.<\/p>\n\n\n\n<h4 class=\"wp-block-heading\">Ako n\u00e1s kontaktova\u0165:<\/h4>\n\n\n\n<p>Va\u0161e zistenia zasielajte na e-mailov\u00fa adresu: <a href=\"mailto:kb@pssr.sk\">kb@pssr.sk<\/a><\/p>\n\n\n\n<h4 class=\"wp-block-heading\">\u010co by malo hl\u00e1senie obsahova\u0165:<\/h4>\n\n\n\n<ul class=\"wp-block-list\">\n<li>Detailn\u00fd popis zranite\u013enosti a jej umiestnenie (URL, IP adresa, parameter).<\/li>\n\n\n\n<li>Kroky na reprodukciu<\/li>\n\n\n\n<li>Potenci\u00e1lny dopad zranite\u013enosti<\/li>\n<\/ul>\n\n\n\n<h4 class=\"wp-block-heading\">Na\u0161e z\u00e1v\u00e4zky:<\/h4>\n\n\n\n<ul class=\"wp-block-list\">\n<li>Potvrd\u00edme prijatie v\u00e1\u0161ho hl\u00e1senia<\/li>\n\n\n\n<li>Budeme v\u00e1s informova\u0165 o postupe n\u00e1pravy.<\/li>\n<\/ul>\n\n\n\n<p>\u010eakujeme za nahl\u00e1senie potenci\u00e1lnej zranite\u013enosti v na\u0161ich syst\u00e9moch.<\/p>\n","protected":false},"excerpt":{"rendered":"<p>Ak ste v na\u0161ich syst\u00e9moch alebo slu\u017eb\u00e1ch identifikovali zranite\u013enos\u0165, pros\u00edme V\u00e1s o jej nahl\u00e1senie v s\u00falade s princ\u00edpmi zodpovedn\u00e9ho zverej\u0148ovania. Ako n\u00e1s kontaktova\u0165: Va\u0161e zistenia zasielajte na e-mailov\u00fa adresu: kb@pssr.sk \u010co by malo hl\u00e1senie obsahova\u0165: Na\u0161e z\u00e1v\u00e4zky: \u010eakujeme za nahl\u00e1senie potenci\u00e1lnej zranite\u013enosti v na\u0161ich syst\u00e9moch.<\/p>\n","protected":false},"author":1,"featured_media":0,"parent":0,"menu_order":0,"comment_status":"closed","ping_status":"closed","template":"","meta":{"footnotes":""},"class_list":["post-654","page","type-page","status-publish","hentry"],"_links":{"self":[{"href":"http:\/\/web2.pssr.sk\/index.php\/wp-json\/wp\/v2\/pages\/654","targetHints":{"allow":["GET"]}}],"collection":[{"href":"http:\/\/web2.pssr.sk\/index.php\/wp-json\/wp\/v2\/pages"}],"about":[{"href":"http:\/\/web2.pssr.sk\/index.php\/wp-json\/wp\/v2\/types\/page"}],"author":[{"embeddable":true,"href":"http:\/\/web2.pssr.sk\/index.php\/wp-json\/wp\/v2\/users\/1"}],"replies":[{"embeddable":true,"href":"http:\/\/web2.pssr.sk\/index.php\/wp-json\/wp\/v2\/comments?post=654"}],"version-history":[{"count":2,"href":"http:\/\/web2.pssr.sk\/index.php\/wp-json\/wp\/v2\/pages\/654\/revisions"}],"predecessor-version":[{"id":656,"href":"http:\/\/web2.pssr.sk\/index.php\/wp-json\/wp\/v2\/pages\/654\/revisions\/656"}],"wp:attachment":[{"href":"http:\/\/web2.pssr.sk\/index.php\/wp-json\/wp\/v2\/media?parent=654"}],"curies":[{"name":"wp","href":"https:\/\/api.w.org\/{rel}","templated":true}]}}