{"id":678,"date":"2026-03-12T08:47:38","date_gmt":"2026-03-12T08:47:38","guid":{"rendered":"http:\/\/web2.pssr.sk\/?page_id=678"},"modified":"2026-04-15T12:07:03","modified_gmt":"2026-04-15T12:07:03","slug":"the-breeding-services-of-the-slovak-republic-s-e","status":"publish","type":"page","link":"http:\/\/web2.pssr.sk\/index.php\/en\/the-breeding-services-of-the-slovak-republic-s-e\/","title":{"rendered":"The Breeding Services of the Slovak Republic, s.e."},"content":{"rendered":"\n<div class=\"idsk-intro-block govuk-width-container govuk-!-padding-top-6 govuk-!-padding-bottom-6\">\n  <div class=\"govuk-grid-row\">\n\n    <div class=\"govuk-grid-column-two-thirds-from-desktop\">\n      <h1 class=\"govuk-heading-xl\">The Breeding Services of the Slovak Republic, s.e.<\/h1>\n      <p class=\"govuk-body\">We provide information on the management of data on the origin and production of farm animals through performance testing and the central register of farm animals in the Slovak Republic.<\/p>\n\n      <form role=\"search\" method=\"get\" action=\"\/\">\n        <div data-module=\"idsk-search-component\" class=\"idsk-search-component\">\n          <label class=\"govuk-visually-hidden\" for=\"pssr-intro-search\">Enter search term<\/label>\n          <input class=\"govuk-input idsk-search-component__input\" id=\"pssr-intro-search\" name=\"s\" type=\"search\" placeholder=\"Enter search term\">\n          <button type=\"submit\" class=\"idsk-button idsk-search-component__button\">\n            <svg width=\"18\" height=\"18\" viewBox=\"0 0 31 30\" fill=\"none\" xmlns=\"http:\/\/www.w3.org\/2000\/svg\" aria-hidden=\"true\" focusable=\"false\">\n              <path d=\"M21.0115 13.103C21.0115 17.2495 17.5484 20.6238 13.2928 20.6238C9.03714 20.6238 5.57404 17.2495 5.57404 13.103C5.57404 8.95643 9.03714 5.58212 13.2928 5.58212C17.5484 5.58212 21.0115 8.95643 21.0115 13.103ZM29.833 27.0702C29.833 26.4994 29.5918 25.9455 29.1955 25.5593L23.2858 19.8012C24.6814 17.8371 25.4223 15.4868 25.4223 13.103C25.4223 6.57259 19.995 1.28451 13.2928 1.28451C6.59058 1.28451 1.16333 6.57259 1.16333 13.103C1.16333 19.6333 6.59058 24.9214 13.2928 24.9214C15.7394 24.9214 18.1515 24.1995 20.1673 22.8398L26.077 28.5811C26.4732 28.984 27.0418 29.219 27.6276 29.219C28.8337 29.219 29.833 28.2453 29.833 27.0702Z\" fill=\"white\"\/>\n            <\/svg>\n            <span class=\"govuk-visually-hidden\">Search<\/span>\n          <\/button>\n        <\/div>\n      <\/form>\n\n      <ul class=\"idsk-intro-block__list__ul govuk-!-margin-top-4\">\n        <li class=\"idsk-intro-block__bottom-menu__li\"><strong class=\"govuk-body\">Are you looking for this?<\/strong><\/li>\n        <li class=\"idsk-intro-block__bottom-menu__li\"><a href=\"https:\/\/www.crhz.sk\" class=\"govuk-link\">CRHZ<\/a><\/li>\n        <li class=\"idsk-intro-block__bottom-menu__li\"><a href=\"https:\/\/www.plis.sk\" class=\"govuk-link\">PLIS<\/a><\/li>\n        <li class=\"idsk-intro-block__bottom-menu__li\"><a href=\"#\" class=\"govuk-link\">Training<\/a><\/li>\n        <li class=\"idsk-intro-block__bottom-menu__li\"><a href=\"http:\/\/web2.pssr.sk\/index.php\/sk\/geneticke-laboratorium\/\" class=\"govuk-link\">Animal DNA analysis<\/a><\/li>\n        <li class=\"idsk-intro-block__bottom-menu__li\"><a href=\"#\" class=\"govuk-link\">CRHZ Forms<\/a><\/li>\n        <li class=\"idsk-intro-block__bottom-menu__li\"><a href=\"#\" class=\"govuk-link\">Contacts<\/a><\/li>\n        <li class=\"idsk-intro-block__bottom-menu__li\"><a href=\"#\" class=\"govuk-link\">Order ear tags<\/a><\/li>\n        <li class=\"idsk-intro-block__bottom-menu__li\"><a href=\"https:\/\/data.slovensko.sk\/datasety?publisher=https%3A%2F%2Fdata.gov.sk%2Fid%2Flegal-subject%2F6856096\" class=\"govuk-link\">Datasets<\/a><\/li>\n      <\/ul>\n    <\/div>\n\n    <div class=\"govuk-grid-column-one-third-from-desktop\">\n      <nav class=\"idsk-intro-block__side-menu\" aria-label=\"Quick navigation\">\nPOPULAR CONTENT\n        <ul class=\"idsk-intro-block__side-menu__ul idsk-intro-block__side-menu__default__ul\">\n          <li class=\"idsk-intro-block__side-menu__li idsk-intro-block__side-menu__default__li\">\n            <a href=\"\/index.php\/en\/distribution-centre\/\" class=\"idsk-intro-block__side-menu__a govuk-link\">Distribution Centre<\/a>\n          <\/li>\n          <li class=\"idsk-intro-block__side-menu__li idsk-intro-block__side-menu__default__li\">\n            <a href=\"\/index.php\/en\/publications\/\" class=\"idsk-intro-block__side-menu__a govuk-link\">Publications<\/a>\n          <\/li>\n          <li class=\"idsk-intro-block__side-menu__li idsk-intro-block__side-menu__default__li\">\n            <a href=\"\/index.php\/en\/downloads\/\" class=\"idsk-intro-block__side-menu__a govuk-link\">Downloads<\/a>\n          <\/li>\n          <li class=\"idsk-intro-block__side-menu__li idsk-intro-block__side-menu__default__li\">\n            <a href=\"https:\/\/pssr.sk\/wp-content\/uploads\/docs\/cennik_pssr.pdf\" class=\"idsk-intro-block__side-menu__a govuk-link\">Price List of Services and Goods<\/a>\n          <\/li>\n          <li class=\"idsk-intro-block__side-menu__li idsk-intro-block__side-menu__default__li\">\n            <a href=\"\/index.php\/en\/report-a-vulnerability\/\" class=\"idsk-intro-block__side-menu__a govuk-link\">Report a Vulnerability<\/a>\n          <\/li>\n          <li class=\"idsk-intro-block__side-menu__li idsk-intro-block__side-menu__default__li\">\n            <a href=\"https:\/\/pssr.sk\/wp-content\/uploads\/docs\/PK_program_MPRV_SR_a_organizacii.pdf\" class=\"idsk-intro-block__side-menu__a govuk-link\">Report Corruption<\/a>\n          <\/li>\n          <li class=\"idsk-intro-block__side-menu__li idsk-intro-block__side-menu__default__li\">\n            <a href=\"\/index.php\/en\/career\/\" class=\"idsk-intro-block__side-menu__a govuk-link\">Career<\/a>\n          <\/li>\n        <\/ul>\n      <\/nav>\n    <\/div>\n\n  <\/div>\n<\/div>\n\n\n\n<div class=\"wp-block-idsk-container  govuk-!-padding-top-0 govuk-!-padding-bottom-0\"><div class=\"govuk-width-container\"><div class=\"wp-block-idsk-container\">\n<div class=\"wp-block-idsk-row\"><div class=\"govuk-grid-row   \"><div class=\"wp-block-idsk-row\">\n<div class=\"wp-block-idsk-column is-style-full\"><div class=\"govuk-grid-column-full\"><div class=\"    \">\n\t<hr class=\"idsk-hr-separator govuk-!-margin-bottom-6\" \/>\n\n\t<\/div><\/div><\/div>\n<\/div><\/div><\/div>\n\n\n\n<div class=\"wp-block-idsk-row\"><div class=\"govuk-grid-row   \"><div class=\"wp-block-idsk-row\">\n<div class=\"wp-block-idsk-column\"><div class=\"govuk-grid-column-full\"><div class=\"    \">\n<div class=\"wp-block-columns is-layout-flex wp-container-core-columns-is-layout-9d6595d7 wp-block-columns-is-layout-flex\">\n<div class=\"wp-block-column is-layout-flow wp-block-column-is-layout-flow\" style=\"flex-basis:66.66%\">\n<h2 class=\"wp-block-heading\">News<\/h2>\n\n\n\n\t<details class=\"govuk-details\" data-module=\"govuk-details\">\n\t\t<summary class=\"govuk-details__summary\">\n\t\t\t<span class=\"govuk-details__summary-text\">\n\t\t\t\tThe Results of Beef and Suckling Cows Performance Recording in Slovak Republic, Year 2025\t\t\t<\/span>\n\t\t<\/summary>\n\t\t<div class=\"govuk-details__text\">\n\t\t\t<a href=\"http:\/\/test.plis.sk\/volne\/rocenkamagazin\/rocenka.aspx?id=kump2025\" target=\"_blank\" rel=\"noreferrer noopener\">View online<\/a>\t\t<\/div>\n\t<\/details>\n\n\t\n\n\n\t<details class=\"govuk-details\" data-module=\"govuk-details\">\n\t\t<summary class=\"govuk-details__summary\">\n\t\t\t<span class=\"govuk-details__summary-text\">\n\t\t\t\tNotice on Submission of Applications for Securing Benefits in the Form of Subsidised Service for Performance Testing\t\t\t<\/span>\n\t\t<\/summary>\n\t\t<div class=\"govuk-details__text\">\n\t\t\t<a href=\"http:\/\/pssr.sk\/wp-content\/uploads\/aktual\/Oznam_pre_prijemcov_dotovanej_sluzby_na_KU.pdf\">Download<\/a>\t\t<\/div>\n\t<\/details>\n\n\t\n\n\n\t<details class=\"govuk-details\" data-module=\"govuk-details\">\n\t\t<summary class=\"govuk-details__summary\">\n\t\t\t<span class=\"govuk-details__summary-text\">\n\t\t\t\tResults of Cattle Performance Testing in the Slovak Republic for 2025\t\t\t<\/span>\n\t\t<\/summary>\n\t\t<div class=\"govuk-details__text\">\n\t\t\t<a href=\"http:\/\/test.plis.sk\/volne\/rocenkamagazin\/rocenka.aspx?id=mlhd2025\" target=\"_blank\" rel=\"noreferrer noopener\">View online<\/a>\t\t<\/div>\n\t<\/details>\n\n\t\n\n\n\t<details class=\"govuk-details\" data-module=\"govuk-details\">\n\t\t<summary class=\"govuk-details__summary\">\n\t\t\t<span class=\"govuk-details__summary-text\">\n\t\t\t\tPublication for the 100th Anniversary of Cattle Performance Testing and 90th Anniversary of Sheep Performance Testing\t\t\t<\/span>\n\t\t<\/summary>\n\t\t<div class=\"govuk-details__text\">\n\t\t\t<a href=\"https:\/\/pssr.sk\/wp-content\/uploads\/publ\/2026\/PSSR_publikacia_100_rokov.pdf\">Download<\/a>\t\t<\/div>\n\t<\/details>\n\n\t\n\n\n\t<details class=\"govuk-details\" data-module=\"govuk-details\">\n\t\t<summary class=\"govuk-details__summary\">\n\t\t\t<span class=\"govuk-details__summary-text\">\n\t\t\t\tOptions for Using the WinReg Programme\t\t\t<\/span>\n\t\t<\/summary>\n\t\t<div class=\"govuk-details__text\">\n\t\t\t<a href=\"https:\/\/pssr.sk\/wp-content\/uploads\/docs\/pokyny_Winreg.pdf\">Download<\/a>\t\t<\/div>\n\t<\/details>\n\n\t\n\n\n\t<details class=\"govuk-details\" data-module=\"govuk-details\">\n\t\t<summary class=\"govuk-details__summary\">\n\t\t\t<span class=\"govuk-details__summary-text\">\n\t\t\t\tChanges in Farm Registration\t\t\t<\/span>\n\t\t<\/summary>\n\t\t<div class=\"govuk-details__text\">\n\t\t\tFrom 1 January 2026, the new Act No. 307 of 21 October 2025, amending Act No. 39\/2007 Coll. on veterinary care as amended, is in force. <br>More information <a href=\"https:\/\/pssr.sk\/wp-content\/uploads\/stiah\/cehz\/ZmenyRegistracieChovu2026.pdf\">Download<\/a>\t\t<\/div>\n\t<\/details>\n\n\t\n\n\n\t<details class=\"govuk-details\" data-module=\"govuk-details\">\n\t\t<summary class=\"govuk-details__summary\">\n\t\t\t<span class=\"govuk-details__summary-text\">\n\t\t\t\tA2 Milk or Beta-Casein and Its Forms in Different Types of Milk\t\t\t<\/span>\n\t\t<\/summary>\n\t\t<div class=\"govuk-details__text\">\n\t\t\tA compilation of scientific articles created by the Breeding Services of the Slovak Republic, s.e. \u2013 September 2025<br><a href=\"https:\/\/pssr.sk\/wp-content\/uploads\/ac\/A2_mlieko_alebo_beta kaze\u00edn_v_roznych druhoch mlieka.pdf\">Download<\/a>\t\t<\/div>\n\t<\/details>\n\n\t\n\n\n\t<details class=\"govuk-details\" data-module=\"govuk-details\">\n\t\t<summary class=\"govuk-details__summary\">\n\t\t\t<span class=\"govuk-details__summary-text\">\n\t\t\t\tRegistration of Farm and Farm Animals\t\t\t<\/span>\n\t\t<\/summary>\n\t\t<div class=\"govuk-details__text\">\n\t\t\tAnyone keeping 1 or more head of cattle, sheep, goats, pigs, horses, bee colonies, or 300 or more laying poultry, 1,500 or more fattening poultry, 5 or more ratites, must have a registered farm. The breed of animals and the purpose of farming do not matter!<br>Registration procedure <a href=\"https:\/\/pssr.sk\/wp-content\/uploads\/aktual\/Registracia_chovu_a_hospodarskych_zvierat.pdf\">Download<\/a>\t\t<\/div>\n\t<\/details>\n\n\t\n\n\n\t<details class=\"govuk-details\" data-module=\"govuk-details\">\n\t\t<summary class=\"govuk-details__summary\">\n\t\t\t<span class=\"govuk-details__summary-text\">\n\t\t\t\tNotice for Recipients of the Subsidised Service \u2013 Performance Testing\t\t\t<\/span>\n\t\t<\/summary>\n\t\t<div class=\"govuk-details__text\">\n\t\t\t<a href=\"https:\/\/pssr.sk\/wp-content\/uploads\/stiah\/ku\/Oznam_pre_prijemcov_subvencovanej_sluzby.docx\" target=\"_blank\" rel=\"noreferrer noopener\">Download<\/a>\t\t<\/div>\n\t<\/details>\n\n\t\n\n\n\t<details class=\"govuk-details\" data-module=\"govuk-details\">\n\t\t<summary class=\"govuk-details__summary\">\n\t\t\t<span class=\"govuk-details__summary-text\">\n\t\t\t\tChange in Submission of Events Requiring Confirmation from the Regional Veterinary and Food Administration, Police, or Veterinarian\t\t\t<\/span>\n\t\t<\/summary>\n\t\t<div class=\"govuk-details__text\">\n\t\t\tFrom 12.11.2024, the following events:<br><strong>21,22,23,24 <\/strong>reporting of older living animals<br><strong>40<\/strong> theft<br><strong>41<\/strong> loss due to predator<br><strong>51<\/strong> death and disposal on site<br><strong>62<\/strong> death and disposal on site (pigs)<br>Are submitted to the Central Register <strong>electronically only. <\/strong><br><br>The required confirmations must be delivered to the relevant Regional Veterinary and Food Administration, which approves the listed event codes electronically.<br><br>From 12.11.2024, event:<br><strong>08<\/strong> abortion<br><strong>No confirmation required<\/strong> from a veterinarian and the event is submitted to the Central Register electronically only\t\t<\/div>\n\t<\/details>\n\n\t\n\n\n\t<details class=\"govuk-details\" data-module=\"govuk-details\">\n\t\t<summary class=\"govuk-details__summary\">\n\t\t\t<span class=\"govuk-details__summary-text\">\n\t\t\t\tNew Service of the Genetics Laboratory for Cattle Breeders\t\t\t<\/span>\n\t\t<\/summary>\n\t\t<div class=\"govuk-details__text\">\n\t\t\t<a href=\"http:\/\/pssr.sk\/wp-content\/uploads\/stiah\/lg\/SNP_DNA_PSSR.pdf\">Download<\/a>\t\t<\/div>\n\t<\/details>\n\n\t\n\n\n\t<details class=\"govuk-details\" data-module=\"govuk-details\">\n\t\t<summary class=\"govuk-details__summary\">\n\t\t\t<span class=\"govuk-details__summary-text\">\n\t\t\t\tState Veterinary and Food Administration of the Slovak Republic Responds to Reports on the End of Home Slaughtering and Changes in Breeder Registration<br>Download document\t\t\t<\/span>\n\t\t<\/summary>\n\t\t<div class=\"govuk-details__text\">\n\t\t\t<a href=\"http:\/\/pssr.sk\/wp-content\/uploads\/cehz\/subory\/Registracia_D_chovu_osipanych.pdf\">Download<\/a>\t\t<\/div>\n\t<\/details>\n\n\t\n\n\n\t<details class=\"govuk-details\" data-module=\"govuk-details\">\n\t\t<summary class=\"govuk-details__summary\">\n\t\t\t<span class=\"govuk-details__summary-text\">\n\t\t\t\tNotice for Sheep and Goat Breeders \u2013 Cancellation of Movement of Sheep and Goats to Temporary Farm\t\t\t<\/span>\n\t\t<\/summary>\n\t\t<div class=\"govuk-details__text\">\n\t\t\tOn 01.07.2024, Decree No. 436\/2023 Coll. of 13 November 2023 came into effect. From 01.07.2024, the following event codes have been cancelled:<br>71 \u2013 transfer of ram to temporary farm<br>72 \u2013 transfer of ewe to temporary farm<br>73 \u2013 transfer of billy goat to temporary farm<br>74 \u2013 transfer of nanny goat to temporary farm<br>Sheep and goats may only be moved to registered farms.\t\t<\/div>\n\t<\/details>\n\n\t\n\n\n\t<details class=\"govuk-details\" data-module=\"govuk-details\">\n\t\t<summary class=\"govuk-details__summary\">\n\t\t\t<span class=\"govuk-details__summary-text\">\n\t\t\t\tChanges in Reporting Changes and Movements of Pigs from 1.7.2024\t\t\t<\/span>\n\t\t<\/summary>\n\t\t<div class=\"govuk-details__text\">\n\t\t\t<a href=\"http:\/\/pssr.sk\/wp-content\/uploads\/cehz\/subory\/Info_OS_01072024_chovatelia.pdf\">Download<\/a>\t\t<\/div>\n\t<\/details>\n\n\t\n\n\n\t<details class=\"govuk-details\" data-module=\"govuk-details\">\n\t\t<summary class=\"govuk-details__summary\">\n\t\t\t<span class=\"govuk-details__summary-text\">\n\t\t\t\tDigitalisation of Reports to the Central Register of Farm Animals\t\t\t<\/span>\n\t\t<\/summary>\n\t\t<div class=\"govuk-details__text\">\n\t\t\t<a href=\"http:\/\/pssr.sk\/wp-content\/uploads\/cehz\/subory\/Online-hl\u00e1senie-cez-pr\u00edstup-farm\u00e1ra-v6_web.pdf\">Download<\/a>\t\t<\/div>\n\t<\/details>\n\n\t\n\n\n\t<details class=\"govuk-details\" data-module=\"govuk-details\">\n\t\t<summary class=\"govuk-details__summary\">\n\t\t\t<span class=\"govuk-details__summary-text\">\n\t\t\t\tNotice on Submission of Applications for Securing Benefits in the Form of Subsidised Service for Performance Testing.\t\t\t<\/span>\n\t\t<\/summary>\n\t\t<div class=\"govuk-details__text\">\n\t\t\t<a href=\"https:\/\/pssr.sk\/wp-content\/uploads\/stiah\/ku\/Oznam_dotovanej_sluzby_na_KU.docx\" target=\"_blank\" rel=\"noreferrer noopener\">Notice on Submission of Applications for Securing Benefits in the Form of Subsidised Service for Performance Testing.<\/a><br><br><a href=\"https:\/\/pssr.sk\/wp-content\/uploads\/stiah\/ku\/Ziadost_o_dotovanu_sluzbu_na_KU.docx\" target=\"_blank\" rel=\"noreferrer noopener\">Application for Subsidised Service for Performance Testing<\/a>\t\t<\/div>\n\t<\/details>\n\n\t\n\n\n\t<details class=\"govuk-details\" data-module=\"govuk-details\">\n\t\t<summary class=\"govuk-details__summary\">\n\t\t\t<span class=\"govuk-details__summary-text\">\n\t\t\t\tCustomer Satisfaction and Needs Survey \u2013 CLRM\t\t\t<\/span>\n\t\t<\/summary>\n\t\t<div class=\"govuk-details__text\">\n\t\t\t<a href=\"http:\/\/pssr.sk\/wp-content\/uploads\/ac\/CLRM_dotaznik.doc\">Download<\/a>\t\t<\/div>\n\t<\/details>\n\n\t\n\n\n\t<details class=\"govuk-details\" data-module=\"govuk-details\">\n\t\t<summary class=\"govuk-details__summary\">\n\t\t\t<span class=\"govuk-details__summary-text\">\n\t\t\t\tNotice for Equine Animal Breeders\t\t\t<\/span>\n\t\t<\/summary>\n\t\t<div class=\"govuk-details__text\">\n\t\t\tChanges and movements of equine animals must be sent to:<br><br><strong>Breeding Services of the Slovak Republic, s.e.<br>Central Register of Farm Animals<\/strong><br>Rosinsk\u00e1 cesta 12<br>010 08 \u017dilina\t\t<\/div>\n\t<\/details>\n\n\t\n\n\n\t<details class=\"govuk-details\" data-module=\"govuk-details\">\n\t\t<summary class=\"govuk-details__summary\">\n\t\t\t<span class=\"govuk-details__summary-text\">\n\t\t\t\tRegistration of Animals Without Pedigree \u2013 Guidance \u2013 Addendum\t\t\t<\/span>\n\t\t<\/summary>\n\t\t<div class=\"govuk-details__text\">\n\t\t\t<a href=\"https:\/\/pssr.sk\/wp-content\/uploads\/docs\/Registracia_zvierat_bez_povodu_usmernenie_doplnenie.pdf\">Registration of Animals Without Pedigree \u2013 Guidance \u2013 Addendum<\/a><br>This is a supplement to Guidance No. 4848\/220-222, No. 4734\/2021-220 of 27.05.2022 (see below)<br><br><a href=\"https:\/\/pssr.sk\/wp-content\/uploads\/docs\/Registracia_zvierat_bez_povodu_usmernenie.pdf\">Registration of Animals Without Pedigree \u2013 Guidance<\/a><br><br><a href=\"https:\/\/pssr.sk\/wp-content\/uploads\/docs\/Usmernenie_k_evidencii_starsie_zijuce_zvierata__doplnenie.pdf\">Guidance on the Registration of Older Living Animals<\/a>\t\t<\/div>\n\t<\/details>\n\n\t\n\n\n\t<details class=\"govuk-details\" data-module=\"govuk-details\">\n\t\t<summary class=\"govuk-details__summary\">\n\t\t\t<span class=\"govuk-details__summary-text\">\n\t\t\t\tOnline Reporting System for the Central Register of Farm Animals\t\t\t<\/span>\n\t\t<\/summary>\n\t\t<div class=\"govuk-details__text\">\n\t\t\tIn the <strong>\u201cFarmer Access\u201d<\/strong> application, new pages have been created and made available for the direct entry of movements and events reported to the Central Register of Farm Animals (CRHZ) \u2013 www.crhz.sk. This system extension will allow us to reduce the need for paper-based communication (by post) between farmers and the CRHZ system.<br>We also remind you of the legislative obligation to continue maintaining an individual or group farm register in paper form depending on the type of farm animals, as this new system does not allow data to be generated into the relevant register but only allows online submission of movement reports.\t\t<\/div>\n\t<\/details>\n\n\t\n\n\n\t<details class=\"govuk-details\" data-module=\"govuk-details\">\n\t\t<summary class=\"govuk-details__summary\">\n\t\t\t<span class=\"govuk-details__summary-text\">\n\t\t\t\tProcedure for Registering a Pig Farm\t\t\t<\/span>\n\t\t<\/summary>\n\t\t<div class=\"govuk-details__text\">\n\t\t\t<a href=\"https:\/\/pssr.sk\/index.php\/sk\/postup-registracie-chovu-osipanych\/\">Download<\/a>\t\t<\/div>\n\t<\/details>\n\n\t\n\n\n\t<details class=\"govuk-details\" data-module=\"govuk-details\">\n\t\t<summary class=\"govuk-details__summary\">\n\t\t\t<span class=\"govuk-details__summary-text\">\n\t\t\t\tProcedure for Registering a Pig Farm\t\t\t<\/span>\n\t\t<\/summary>\n\t\t<div class=\"govuk-details__text\">\n\t\t\t<a href=\"http:\/\/pssr.sk\/wp-content\/uploads\/cehz\/subory\/Manual_farmara.pdf\" target=\"_blank\" rel=\"noreferrer noopener\">Download<\/a>\t\t<\/div>\n\t<\/details>\n\n\t<\/div>\n\n\n\n<div class=\"wp-block-column is-layout-flow wp-block-column-is-layout-flow\" style=\"flex-basis:33.33%\"><\/div>\n<\/div>\n<\/div><\/div><\/div>\n<\/div><\/div><\/div>\n<\/div><\/div><\/div>\n\n\n\n<p><\/p>\n","protected":false},"excerpt":{"rendered":"<p>The Breeding Services of the Slovak Republic, s.e. We provide information on the management of data on the origin and production of farm animals through performance testing and the central register of farm animals in the Slovak Republic. Enter search term Search Are you looking for this? CRHZ PLIS Training Animal DNA analysis CRHZ Forms&#8230;<\/p>\n","protected":false},"author":1,"featured_media":0,"parent":0,"menu_order":0,"comment_status":"closed","ping_status":"closed","template":"page-homepage.php","meta":{"footnotes":""},"class_list":["post-678","page","type-page","status-publish","hentry"],"_links":{"self":[{"href":"http:\/\/web2.pssr.sk\/index.php\/wp-json\/wp\/v2\/pages\/678","targetHints":{"allow":["GET"]}}],"collection":[{"href":"http:\/\/web2.pssr.sk\/index.php\/wp-json\/wp\/v2\/pages"}],"about":[{"href":"http:\/\/web2.pssr.sk\/index.php\/wp-json\/wp\/v2\/types\/page"}],"author":[{"embeddable":true,"href":"http:\/\/web2.pssr.sk\/index.php\/wp-json\/wp\/v2\/users\/1"}],"replies":[{"embeddable":true,"href":"http:\/\/web2.pssr.sk\/index.php\/wp-json\/wp\/v2\/comments?post=678"}],"version-history":[{"count":10,"href":"http:\/\/web2.pssr.sk\/index.php\/wp-json\/wp\/v2\/pages\/678\/revisions"}],"predecessor-version":[{"id":1145,"href":"http:\/\/web2.pssr.sk\/index.php\/wp-json\/wp\/v2\/pages\/678\/revisions\/1145"}],"wp:attachment":[{"href":"http:\/\/web2.pssr.sk\/index.php\/wp-json\/wp\/v2\/media?parent=678"}],"curies":[{"name":"wp","href":"https:\/\/api.w.org\/{rel}","templated":true}]}}