{"id":836,"date":"2026-03-16T17:04:05","date_gmt":"2026-03-16T17:04:05","guid":{"rendered":"http:\/\/web2.pssr.sk\/?page_id=836"},"modified":"2026-04-15T12:42:19","modified_gmt":"2026-04-15T12:42:19","slug":"geneticke-hodnotenie-osipane","status":"publish","type":"page","link":"http:\/\/web2.pssr.sk\/index.php\/sk\/geneticke-hodnotenie-osipane\/","title":{"rendered":"Genetick\u00e9 hodnotenie o\u0161\u00edpan\u00e9"},"content":{"rendered":"\n<p>Proces ohodnotenia plemenn\u00edkov nasleduje ako \u010fal\u0161ia etapa po spracovan\u00ed v\u00fdsledkov K\u00da.<br>Tento proces je predmetom genetick\u00e9ho hodnotenia o\u0161\u00edpan\u00fdch.<br>Technick\u00e1 realiz\u00e1cia procesu, to znamen\u00e1 matematicko-\u0161tatistick\u00fd apar\u00e1t, ktor\u00fd popisuje z\u00edskavanie geneticky \u201e\u010dist\u00e9ho\u201c potenci\u00e1lu sledovan\u00fdch znakov jedincov je realizovan\u00fd matematicko-\u0161tatistickou met\u00f3dou:<br>Best Linear Unbiased Prediction \u2013 najlep\u0161\u00ed line\u00e1rny nevych\u00fdlen\u00fd odhad. Ke\u010f\u017ee hovor\u00edme o Multivariantnom Animal Modele, tak M BLUP AM.<br>V na\u0161ich podmienkach sledujeme plemenn\u00e9 hodnoty znakov:<\/p>\n\n\n\n<ul class=\"wp-block-list\">\n<li>priemern\u00fd denn\u00fd pr\u00edrastok v po\u013enom teste<\/li>\n\n\n\n<li>v\u00fd\u0161ka chrbtovej slaniny v po\u013enom teste<\/li>\n\n\n\n<li>priemern\u00fd denn\u00fd pr\u00edrastok v sk\u00fa\u0161kach v\u00fdkrmnosti a jato\u010dnej hodnoty<\/li>\n\n\n\n<li>v\u00fd\u0161ka chrbtovej slaniny v sk\u00fa\u0161kach v\u00fdkrmnosti a jato\u010dnej hodnoty<\/li>\n\n\n\n<li>podiel cenn\u00fdch m\u00e4sit\u00fdch \u010dast\u00ed v sk\u00fa\u0161kach v\u00fdkrmnosti a jato\u010dnej hodnoty<\/li>\n\n\n\n<li>po\u010det \u017eivonaroden\u00fdch prasiatok v 1. vrhu<\/li>\n\n\n\n<li>po\u010det \u017eivonaroden\u00fdch prasiatok v 2. a \u010fal\u0161\u00edch vrhoch<\/li>\n<\/ul>\n\n\n\n<p>V\u00fdstupom z genetick\u00e9ho hodnotenia je odhad plemenn\u00fdch hodn\u00f4t sledovan\u00fdch znakov a stanovenie celkovej plemennej hodnoty (genetick\u00fd potenci\u00e1l zviera\u0165a) v\u0161etk\u00fdm \u010distokrvn\u00fdm o\u0161\u00edpan\u00fdm akt\u00edvnym v plemenitbe. Aktualiz\u00e1cia plemenn\u00fdch hodn\u00f4t prebieha t\u00fd\u017edenne.<br>Stanov\u00ed sa TOP rebr\u00ed\u010dek jedincov pod\u013ea plemien pre sam\u010diu a sami\u010diu popul\u00e1ciu.<\/p>\n\n\n\n\n<div class=\"govuk-inset-text\">\n        <h2 class=\"govuk-heading-m\">V\u00fdstupy z genetick\u00e9ho hodnotenia o\u0161\u00edpan\u00fdch poskytuje Plemen\u00e1rsky informa\u010dn\u00fd syst\u00e9m &#8211; PLIS<\/h2>\n        <a href=\"https:\/\/www.plis.sk\" class=\"govuk-button\" target=\"_blank\" rel=\"noopener noreferrer\">Vst\u00fapi\u0165<\/a>\n      <\/div>\n\n","protected":false},"excerpt":{"rendered":"<p>Proces ohodnotenia plemenn\u00edkov nasleduje ako \u010fal\u0161ia etapa po spracovan\u00ed v\u00fdsledkov K\u00da.Tento proces je predmetom genetick\u00e9ho hodnotenia o\u0161\u00edpan\u00fdch.Technick\u00e1 realiz\u00e1cia procesu, to znamen\u00e1 matematicko-\u0161tatistick\u00fd apar\u00e1t, ktor\u00fd popisuje z\u00edskavanie geneticky \u201e\u010dist\u00e9ho\u201c potenci\u00e1lu sledovan\u00fdch znakov jedincov je realizovan\u00fd matematicko-\u0161tatistickou met\u00f3dou:Best Linear Unbiased Prediction \u2013 najlep\u0161\u00ed line\u00e1rny nevych\u00fdlen\u00fd odhad. Ke\u010f\u017ee hovor\u00edme o Multivariantnom Animal Modele, tak M BLUP AM.V na\u0161ich&#8230;<\/p>\n","protected":false},"author":1,"featured_media":0,"parent":0,"menu_order":0,"comment_status":"closed","ping_status":"closed","template":"","meta":{"footnotes":""},"class_list":["post-836","page","type-page","status-publish","hentry"],"_links":{"self":[{"href":"http:\/\/web2.pssr.sk\/index.php\/wp-json\/wp\/v2\/pages\/836","targetHints":{"allow":["GET"]}}],"collection":[{"href":"http:\/\/web2.pssr.sk\/index.php\/wp-json\/wp\/v2\/pages"}],"about":[{"href":"http:\/\/web2.pssr.sk\/index.php\/wp-json\/wp\/v2\/types\/page"}],"author":[{"embeddable":true,"href":"http:\/\/web2.pssr.sk\/index.php\/wp-json\/wp\/v2\/users\/1"}],"replies":[{"embeddable":true,"href":"http:\/\/web2.pssr.sk\/index.php\/wp-json\/wp\/v2\/comments?post=836"}],"version-history":[{"count":2,"href":"http:\/\/web2.pssr.sk\/index.php\/wp-json\/wp\/v2\/pages\/836\/revisions"}],"predecessor-version":[{"id":1176,"href":"http:\/\/web2.pssr.sk\/index.php\/wp-json\/wp\/v2\/pages\/836\/revisions\/1176"}],"wp:attachment":[{"href":"http:\/\/web2.pssr.sk\/index.php\/wp-json\/wp\/v2\/media?parent=836"}],"curies":[{"name":"wp","href":"https:\/\/api.w.org\/{rel}","templated":true}]}}