{"id":839,"date":"2026-03-16T17:07:47","date_gmt":"2026-03-16T17:07:47","guid":{"rendered":"http:\/\/web2.pssr.sk\/?page_id=839"},"modified":"2026-04-15T12:42:19","modified_gmt":"2026-04-15T12:42:19","slug":"katalogy-osipane","status":"publish","type":"page","link":"http:\/\/web2.pssr.sk\/index.php\/sk\/katalogy-osipane\/","title":{"rendered":"Katal\u00f3gy o\u0161\u00edpan\u00e9"},"content":{"rendered":"\n<h2 class=\"wp-block-heading\">Katal\u00f3gy na n\u00e1kupn\u00e9 trhy kancov<\/h2>\n\n\n\n<ul class=\"wp-block-list\">\n<li>katal\u00f3gy na n\u00e1kupn\u00e9 trhy predstavuj\u00fa hodnotiace \u00fadaje jedinca, ktor\u00e9 obsahuj\u00fa \u00fadaje o vlastnej \u00fa\u017eitkovosti jedinca, reprodukcii rodi\u010dov, v\u00fdsledky sk\u00fa\u0161ok VJH rodi\u010dov, v\u00fdsledky genetick\u00e9ho hodnotenia rodi\u010dov a jedinca<\/li>\n\n\n\n<li>vytv\u00e1raj\u00fa sa raz mesa\u010dne<\/li>\n<\/ul>\n\n\n\n<p>Po doplnen\u00ed katal\u00f3gu o v\u00fdsledky n\u00e1kupn\u00e9ho trhu sa tieto nahl\u00e1sia do datab\u00e1zy a kance, ktor\u00e9 boli na n\u00e1kupnom trhu predan\u00e9 s\u00fa automaticky zaraden\u00e9 do plemenitby s t\u00fdm, \u017ee im je softv\u00e9rovo pridelen\u00e1 identifik\u00e1cia, pod ktorou s\u00fa evidovan\u00e9 u chovate\u013ea.<br>Aktu\u00e1lny katal\u00f3g kancov spolu s arch\u00edvnymi katal\u00f3gmi je <a href=\"https:\/\/www.plis.sk\">elektronicky pr\u00edstupn\u00fd<\/a> s r\u00f4znymi mo\u017enos\u0165ami preh\u013ead\u00e1vania jeho obsahu.<\/p>\n\n\n\n<h2 class=\"wp-block-heading\">Katal\u00f3gy na n\u00e1kupn\u00e9 trhy prasni\u010diek<\/h2>\n\n\n\n<ul class=\"wp-block-list\">\n<li>v katal\u00f3goch s\u00fa uveden\u00e9 hodnotiace \u00fadaje jedinca, ktor\u00e9 obsahuj\u00fa \u00fadaje o vlastnej \u00fa\u017eitkovosti jedinca, reprodukcii rodi\u010dov, v\u00fdsledky sk\u00fa\u0161ok VJH rodi\u010dov, v\u00fdsledky genetick\u00e9ho hodnotenia rodi\u010dov a jedinca<\/li>\n\n\n\n<li>s\u00fa vytv\u00e1ran\u00e9 raz t\u00fd\u017edenne<\/li>\n<\/ul>\n\n\n\n<p>Po doplnen\u00ed katal\u00f3gu o v\u00fdsledky n\u00e1kupn\u00e9ho trhu sa tieto nahl\u00e1sia do datab\u00e1zy a prasni\u010dky, ktor\u00e9 boli na n\u00e1kupnom trhu predan\u00e9 s\u00fa <strong>automaticky zaraden\u00e9 do plemenitby<\/strong> s identifik\u00e1ciou, pridelenou chovate\u013eom.<\/p>\n\n\n\n<p>Aktu\u00e1lny katal\u00f3g prasni\u010diek spolu s arch\u00edvnymi katal\u00f3gmi je <a href=\"https:\/\/www.plis.sk\" target=\"_blank\" rel=\"noreferrer noopener\">elektronicky pr\u00edstupn\u00fd<\/a> s r\u00f4znymi mo\u017enos\u0165ami preh\u013ead\u00e1vania jeho obsahu.<\/p>\n\n\n\n<p><\/p>\n","protected":false},"excerpt":{"rendered":"<p>Katal\u00f3gy na n\u00e1kupn\u00e9 trhy kancov Po doplnen\u00ed katal\u00f3gu o v\u00fdsledky n\u00e1kupn\u00e9ho trhu sa tieto nahl\u00e1sia do datab\u00e1zy a kance, ktor\u00e9 boli na n\u00e1kupnom trhu predan\u00e9 s\u00fa automaticky zaraden\u00e9 do plemenitby s t\u00fdm, \u017ee im je softv\u00e9rovo pridelen\u00e1 identifik\u00e1cia, pod ktorou s\u00fa evidovan\u00e9 u chovate\u013ea.Aktu\u00e1lny katal\u00f3g kancov spolu s arch\u00edvnymi katal\u00f3gmi je elektronicky pr\u00edstupn\u00fd s r\u00f4znymi&#8230;<\/p>\n","protected":false},"author":1,"featured_media":0,"parent":0,"menu_order":0,"comment_status":"closed","ping_status":"closed","template":"","meta":{"footnotes":""},"class_list":["post-839","page","type-page","status-publish","hentry"],"_links":{"self":[{"href":"http:\/\/web2.pssr.sk\/index.php\/wp-json\/wp\/v2\/pages\/839","targetHints":{"allow":["GET"]}}],"collection":[{"href":"http:\/\/web2.pssr.sk\/index.php\/wp-json\/wp\/v2\/pages"}],"about":[{"href":"http:\/\/web2.pssr.sk\/index.php\/wp-json\/wp\/v2\/types\/page"}],"author":[{"embeddable":true,"href":"http:\/\/web2.pssr.sk\/index.php\/wp-json\/wp\/v2\/users\/1"}],"replies":[{"embeddable":true,"href":"http:\/\/web2.pssr.sk\/index.php\/wp-json\/wp\/v2\/comments?post=839"}],"version-history":[{"count":2,"href":"http:\/\/web2.pssr.sk\/index.php\/wp-json\/wp\/v2\/pages\/839\/revisions"}],"predecessor-version":[{"id":1175,"href":"http:\/\/web2.pssr.sk\/index.php\/wp-json\/wp\/v2\/pages\/839\/revisions\/1175"}],"wp:attachment":[{"href":"http:\/\/web2.pssr.sk\/index.php\/wp-json\/wp\/v2\/media?parent=839"}],"curies":[{"name":"wp","href":"https:\/\/api.w.org\/{rel}","templated":true}]}}