{"id":953,"date":"2026-03-23T07:46:53","date_gmt":"2026-03-23T07:46:53","guid":{"rendered":"http:\/\/web2.pssr.sk\/?page_id=953"},"modified":"2026-04-01T07:50:22","modified_gmt":"2026-04-01T07:50:22","slug":"regional-centre-central","status":"publish","type":"page","link":"http:\/\/web2.pssr.sk\/index.php\/en\/regional-centre-central\/","title":{"rendered":"Regional Centre Central"},"content":{"rendered":"\n<div class=\"wp-block-columns is-layout-flex wp-container-core-columns-is-layout-9d6595d7 wp-block-columns-is-layout-flex\">\n<div class=\"wp-block-column is-layout-flow wp-block-column-is-layout-flow\">\n<h3 class=\"wp-block-heading\">The Breeding Services of the Slovak Republic, s.e.<\/h3>\n\n\n\n<p>Pod Bano\u0161om 33<br>974 11 Bansk\u00e1 Bystrica<br><a href=\"tel:+421484113808\">+421 48 4113 808<\/a><br>company map: <a href=\"https:\/\/maps.app.goo.gl\/cQjxbugfvkncKo2T9\">map<\/a><\/p>\n\n\n\n<p>email: <a href=\"mailto:regionbb@pssr.sk\">regionbb@pssr.sk<\/a><br><a href=\"mailto:bbystrica@pssr.sk\">bbystrica@pssr.sk<\/a><\/p>\n\n\n\n<p><br><\/p>\n<\/div>\n\n\n\n<div class=\"wp-block-column is-layout-flow wp-block-column-is-layout-flow\">\n<h3 class=\"wp-block-heading\">Office Hours<\/h3>\n\n\n\n\t<details class=\"govuk-details\" data-module=\"govuk-details\">\n\t\t<summary class=\"govuk-details__summary\">\n\t\t\t<span class=\"govuk-details__summary-text\">\n\t\t\t\tBansk\u00e1 Bystrica\t\t\t<\/span>\n\t\t<\/summary>\n\t\t<div class=\"govuk-details__text\">\n\t\t\tSale of marking material (ear tags) on Mondays only, 7:30 \u2013 11:00 and 12:00 \u2013 14:30<br><br><strong>Ren\u00e1ta Gazdagov\u00e1<\/strong><br><a href=\"tel:+421915851871\">+421 915 851 871<\/a><br><a href=\"tel:+421484113808\">+421 48 4113 808<\/a><br>Pod B\u00e1no\u0161om 33<br>974 11 Bansk\u00e1 Bystrica\t\t<\/div>\n\t<\/details>\n\n\t\n\n\n\t<details class=\"govuk-details\" data-module=\"govuk-details\">\n\t\t<summary class=\"govuk-details__summary\">\n\t\t\t<span class=\"govuk-details__summary-text\">\n\t\t\t\tRimavsk\u00e1 Sobota\t\t\t<\/span>\n\t\t<\/summary>\n\t\t<div class=\"govuk-details__text\">\n\t\t\tSale of marking material (ear tags) on the 1st and 3rd FRIDAY of the month only*, 8:00 \u2013 11:00 and 11:30 \u2013 14:00<br><br><strong>Ing. Daniel Zagyi<\/strong><br><a href=\"tel:+421908676325\">+421 908 676 325<\/a><br><strong>Ing. \u013dubom\u00edr Porubiak<\/strong><br><a href=\"tel:+421915851874\">+421 915 851 874<\/a><br>Kirijevsk\u00e1 22<br>979 01 Rimavsk\u00e1 Sobota<br>(building of RVPS Rimavsk\u00e1 Sobota)\t\t<\/div>\n\t<\/details>\n\n\t\n\n\n\t<details class=\"govuk-details\" data-module=\"govuk-details\">\n\t\t<summary class=\"govuk-details__summary\">\n\t\t\t<span class=\"govuk-details__summary-text\">\n\t\t\t\tLiptovsk\u00fd Mikul\u00e1\u0161\t\t\t<\/span>\n\t\t<\/summary>\n\t\t<div class=\"govuk-details__text\">\n\t\t\tSale of marking material (ear tags) on Mondays only (odd weeks of the year), 8:00 \u2013 13:00<br><br><strong>Bc. Tibor Kondor<\/strong><br><a href=\"tel:+421905444612\">+421 905 444 612<\/a><br><strong>Ivana Kloptova<\/strong><br><a href=\"tel:+421915851697\">+421 915 851 697<\/a><br>Koll\u00e1rova 2<br>031 01 Liptovsk\u00fd Mikul\u00e1\u0161\t\t<\/div>\n\t<\/details>\n\n\t\n\n\n\t<details class=\"govuk-details\" data-module=\"govuk-details\">\n\t\t<summary class=\"govuk-details__summary\">\n\t\t\t<span class=\"govuk-details__summary-text\">\n\t\t\t\tTvrdo\u0161\u00edn\t\t\t<\/span>\n\t\t<\/summary>\n\t\t<div class=\"govuk-details__text\">\n\t\t\tSale of marking material (ear tags) on Mondays only (even weeks of the year), 8:00 \u2013 13:00<br><br><strong>Jane\u010dkov\u00e1 Zuzana<\/strong><br><a href=\"tel:+421908676326\">+421 908 676 326<\/a><br>\u00daPSVR Medvedzie \u010d. 132<br>027 44 Tvrdo\u0161\u00edn\t\t<\/div>\n\t<\/details>\n\n\t\n\n\n\t<details class=\"govuk-details\" data-module=\"govuk-details\">\n\t\t<summary class=\"govuk-details__summary\">\n\t\t\t<span class=\"govuk-details__summary-text\">\n\t\t\t\t\u017dilina\t\t\t<\/span>\n\t\t<\/summary>\n\t\t<div class=\"govuk-details__text\">\n\t\t\tSale of marking material (ear tags) on Wednesdays only, 7:30 \u2013 11:00 and 12:00 \u2013 14:30<br><br><strong>Ing. Jana Zajacov\u00e1<\/strong><br><a href=\"tel:+421915852128\">+421 915 852 128<\/a><br><strong>Hole\u0161ov\u00e1 Roz\u00e1lia<\/strong><br><a href=\"tel:+421915852038\">+421 915 852 038<\/a><br>Rosinsk\u00e1 cesta 12<br>010 08 \u017dilina\t\t<\/div>\n\t<\/details>\n\n\t<\/div>\n<\/div>\n\n\n\n<hr class=\"wp-block-separator has-alpha-channel-opacity\"\/>\n\n\n\n\t<details class=\"govuk-details\" data-module=\"govuk-details\">\n\t\t<summary class=\"govuk-details__summary\">\n\t\t\t<span class=\"govuk-details__summary-text\">\n\t\t\t\tIng. Daniel Raj\u010dok \u2013 Head of Regional Centre\t\t\t<\/span>\n\t\t<\/summary>\n\t\t<div class=\"govuk-details__text\">\n\t\t\tPod Bano\u0161om 33<br>974 11 Bansk\u00e1 Bystrica<br><a href=\"tel:+421905700808\">+421 905 700 808<\/a><br><a href=\"mailto:danielrajcok@pssr.sk\">danielrajcok@pssr.sk<\/a>\t\t<\/div>\n\t<\/details>\n\n\t\n\n\n\t<details class=\"govuk-details\" data-module=\"govuk-details\">\n\t\t<summary class=\"govuk-details__summary\">\n\t\t\t<span class=\"govuk-details__summary-text\">\n\t\t\t\tRen\u00e1ta Gazdagov\u00e1 \u2013 Billing Accountant\t\t\t<\/span>\n\t\t<\/summary>\n\t\t<div class=\"govuk-details__text\">\n\t\t\tPod Bano\u0161om 33<br>974 11 Bansk\u00e1 Bystrica<br><a href=\"tel:+421484113808\">+421 48 4113 808<\/a><br><a href=\"tel:+421915851871\">+421 915 851 871<\/a><br><a href=\"mailto:renatagazdagova@pssr.sk\">renatagazdagova@pssr.sk<\/a>\t\t<\/div>\n\t<\/details>\n\n\t\n\n\n\t<details class=\"govuk-details\" data-module=\"govuk-details\">\n\t\t<summary class=\"govuk-details__summary\">\n\t\t\t<span class=\"govuk-details__summary-text\">\n\t\t\t\tMVDr. Katar\u00edna Nemesk\u00fcrthyov\u00e1 \u2013 Breeding Zootechnician for Performance Testing of Farm Animals\t\t\t<\/span>\n\t\t<\/summary>\n\t\t<div class=\"govuk-details__text\">\n\t\t\tN\u00e1m. SNP 50<br>960 01 Zvolen<br><a href=\"tel:+421905700945\">+421 905 700 945<\/a><br><a href=\"mailto:katarinanemeskurthyova@pssr.sk\">katarinanemeskurthyova@pssr.sk<\/a>\t\t<\/div>\n\t<\/details>\n\n\t\n\n\n\t<details class=\"govuk-details\" data-module=\"govuk-details\">\n\t\t<summary class=\"govuk-details__summary\">\n\t\t\t<span class=\"govuk-details__summary-text\">\n\t\t\t\tJaroslav Fa\u0161ko \u2013 Breeding Zootechnician for Performance Testing of Farm Animals\t\t\t<\/span>\n\t\t<\/summary>\n\t\t<div class=\"govuk-details__text\">\n\t\t\tPod B\u00e1no\u0161om 33<br>974 11 Bansk\u00e1 Bystrica<br><a href=\"tel:+421908676324\">+421 908 676 324<\/a><br><a href=\"mailto:jaroslavfasko@pssr.sk\">jaroslavfasko@pssr.sk<\/a>\t\t<\/div>\n\t<\/details>\n\n\t\n\n\n\t<details class=\"govuk-details\" data-module=\"govuk-details\">\n\t\t<summary class=\"govuk-details__summary\">\n\t\t\t<span class=\"govuk-details__summary-text\">\n\t\t\t\tIng. \u013dubom\u00edr Porubiak \u2013 Breeding Zootechnician for Performance Testing of Farm Animals\t\t\t<\/span>\n\t\t<\/summary>\n\t\t<div class=\"govuk-details__text\">\n\t\t\tKirijevsk\u00e1 22<br>979 01 Rimavsk\u00e1 Sobota<br><a href=\"tel:+421915851874\">+421 915 851 874<\/a><br><a href=\"mailto:lubomirporubiak@pssr.sk\">lubomirporubiak@pssr.sk<\/a>\t\t<\/div>\n\t<\/details>\n\n\t\n\n\n\t<details class=\"govuk-details\" data-module=\"govuk-details\">\n\t\t<summary class=\"govuk-details__summary\">\n\t\t\t<span class=\"govuk-details__summary-text\">\n\t\t\t\tIng. Daniel Zagyi \u2013 Breeding Zootechnician for Performance Testing of Farm Animals\t\t\t<\/span>\n\t\t<\/summary>\n\t\t<div class=\"govuk-details__text\">\n\t\t\tKirijevsk\u00e1 22<br>979 01 Rimavsk\u00e1 Sobota<br><a href=\"tel:+421908676325\">+421 908 676 325<\/a><br><a href=\"mailto:danielzagyi@pssr.sk\">danielzagyi@pssr.sk<\/a>\t\t<\/div>\n\t<\/details>\n\n\t\n\n\n\t<details class=\"govuk-details\" data-module=\"govuk-details\">\n\t\t<summary class=\"govuk-details__summary\">\n\t\t\t<span class=\"govuk-details__summary-text\">\n\t\t\t\tIng. Jarmila Tr\u010danov\u00e1 \u2013 Breeding Zootechnician for Performance Testing of Farm Animals\t\t\t<\/span>\n\t\t<\/summary>\n\t\t<div class=\"govuk-details__text\">\n\t\t\tN\u00e1m. SNP 50<br>960 01 Zvolen<br><a href=\"tel:+421908676331\">+421 908 676 331<\/a><br><a href=\"mailto:jarmilatrcanova@pssr.sk\">jarmilatrcanova@pssr.sk<\/a>\t\t<\/div>\n\t<\/details>\n\n\t\n\n\n\t<details class=\"govuk-details\" data-module=\"govuk-details\">\n\t\t<summary class=\"govuk-details__summary\">\n\t\t\t<span class=\"govuk-details__summary-text\">\n\t\t\t\tIng. Lenka Trnka \u2013 Breeding Zootechnician for Performance Testing of Farm Animals\t\t\t<\/span>\n\t\t<\/summary>\n\t\t<div class=\"govuk-details__text\">\n\t\t\tPod B\u00e1no\u0161om 33<br>974 11 Bansk\u00e1 Bystrica<br><a href=\"tel:+421915851746\">+421 915 851 746<\/a><br><a href=\"mailto:lenkatrnka@pssr.sk\">lenkatrnka@pssr.sk<\/a>\t\t<\/div>\n\t<\/details>\n\n\t\n\n\n\t<details class=\"govuk-details\" data-module=\"govuk-details\">\n\t\t<summary class=\"govuk-details__summary\">\n\t\t\t<span class=\"govuk-details__summary-text\">\n\t\t\t\tRoz\u00e1lia Hole\u0161ov\u00e1 \u2013 Deputy Head of Regional Centre\t\t\t<\/span>\n\t\t<\/summary>\n\t\t<div class=\"govuk-details__text\">\n\t\t\tRosinsk\u00e1 cesta 12<br>010 08 \u017dilina<br><a href=\"tel:+421915852038\">+421 915 852 038<\/a><br><a href=\"mailto:rozaliaholesova@pssr.sk\">rozaliaholesova@pssr.sk<\/a>\t\t<\/div>\n\t<\/details>\n\n\t\n\n\n\t<details class=\"govuk-details\" data-module=\"govuk-details\">\n\t\t<summary class=\"govuk-details__summary\">\n\t\t\t<span class=\"govuk-details__summary-text\">\n\t\t\t\tIng. Jana Zajacov\u00e1 \u2013 Billing Accountant\t\t\t<\/span>\n\t\t<\/summary>\n\t\t<div class=\"govuk-details__text\">\n\t\t\tRosinsk\u00e1 cesta 12<br>010 08 \u017dilina<br><a href=\"tel:+421415650825\">+421 41 5650 825<\/a> \/ext. 750<br><a href=\"tel:+421915852128\">+421 915 852 128<\/a><br><a href=\"mailto:janazajacova@pssr.sk\">janazajacova@pssr.sk<\/a>\t\t<\/div>\n\t<\/details>\n\n\t\n\n\n\t<details class=\"govuk-details\" data-module=\"govuk-details\">\n\t\t<summary class=\"govuk-details__summary\">\n\t\t\t<span class=\"govuk-details__summary-text\">\n\t\t\t\tZuzana Jane\u010dkov\u00e1 \u2013 Breeding Zootechnician for Performance Testing of Farm Animals\t\t\t<\/span>\n\t\t<\/summary>\n\t\t<div class=\"govuk-details__text\">\n\t\t\t\u00daPSVR Medvedzie \u010d. 132<br>027 44 Tvrdo\u0161\u00edn<br><a href=\"tel:+421908676326\">+421 908 676 326<\/a><br><a href=\"mailto:zuzanajaneckova@pssr.sk\">zuzanajaneckova@pssr.sk<\/a>\t\t<\/div>\n\t<\/details>\n\n\t\n\n\n\t<details class=\"govuk-details\" data-module=\"govuk-details\">\n\t\t<summary class=\"govuk-details__summary\">\n\t\t\t<span class=\"govuk-details__summary-text\">\n\t\t\t\tIng. Dominika Gre\u0148ov\u00e1 \u2013 Breeding Zootechnician for Performance Testing of Farm Animals\t\t\t<\/span>\n\t\t<\/summary>\n\t\t<div class=\"govuk-details__text\">\n\t\t\tRosinsk\u00e1 cesta 12<br>010 08 \u017dilina<br><a href=\"tel:+421915851179\">+421 915 851 179<\/a><br><a href=\"mailto:dominikagrenova@pssr.sk\">dominikagrenova@pssr.sk<\/a>\t\t<\/div>\n\t<\/details>\n\n\t\n\n\n\t<details class=\"govuk-details\" data-module=\"govuk-details\">\n\t\t<summary class=\"govuk-details__summary\">\n\t\t\t<span class=\"govuk-details__summary-text\">\n\t\t\t\tIvana Kloptova \u2013 Breeding Zootechnician for Performance Testing of Farm Animals\t\t\t<\/span>\n\t\t<\/summary>\n\t\t<div class=\"govuk-details__text\">\n\t\t\tKoll\u00e1rov\u00e1 2<br>031 01 Liptovsk\u00fd Mikul\u00e1\u0161<br><a href=\"tel:+421915851697\">+421 915 851 697<\/a><br><a href=\"mailto:ivanakloptova@pssr.sk\">ivanakloptova@pssr.sk<\/a>\t\t<\/div>\n\t<\/details>\n\n\t\n\n\n\t<details class=\"govuk-details\" data-module=\"govuk-details\">\n\t\t<summary class=\"govuk-details__summary\">\n\t\t\t<span class=\"govuk-details__summary-text\">\n\t\t\t\tBc. Tibor Kondor \u2013 Breeding Zootechnician for Performance Testing of Farm Animals\t\t\t<\/span>\n\t\t<\/summary>\n\t\t<div class=\"govuk-details__text\">\n\t\t\tKoll\u00e1rov\u00e1 2<br>031 01 Liptovsk\u00fd Mikul\u00e1\u0161<br><a href=\"tel:+421905444612\">+421 905 444 612<\/a><br><a href=\"mailto:tiborkondor@pssr.sk\">tiborkondor@pssr.sk<\/a>\t\t<\/div>\n\t<\/details>\n\n\t\n\n\n\t<details class=\"govuk-details\" data-module=\"govuk-details\">\n\t\t<summary class=\"govuk-details__summary\">\n\t\t\t<span class=\"govuk-details__summary-text\">\n\t\t\t\tIng. Dana N\u011bmcov\u00e1 \u2013 Breeding Zootechnician for Performance Testing of Farm Animals\t\t\t<\/span>\n\t\t<\/summary>\n\t\t<div class=\"govuk-details__text\">\n\t\t\tRosinsk\u00e1 cesta 12<br>010 08 \u017dilina<br><a href=\"tel:+421915852438\">+421 915 852 438<\/a><br><a href=\"mailto:dananemcova@pssr.sk\">dananemcova@pssr.sk<\/a>\t\t<\/div>\n\t<\/details>\n\n\t\n\n\n\t<details class=\"govuk-details\" data-module=\"govuk-details\">\n\t\t<summary class=\"govuk-details__summary\">\n\t\t\t<span class=\"govuk-details__summary-text\">\n\t\t\t\tJuraj Zad\u0148an \u2013 Breeding Zootechnician for Performance Testing of Farm Animals\t\t\t<\/span>\n\t\t<\/summary>\n\t\t<div class=\"govuk-details__text\">\n\t\t\tRosinsk\u00e1 cesta 12<br>010 08 \u017dilina<br><a href=\"tel:+421915851701\">+421 915 851 701<\/a><br><a href=\"mailto:jurajzadnan@pssr.sk\">jurajzadnan@pssr.sk<\/a>\t\t<\/div>\n\t<\/details>\n\n\t\n\n\n\t<details class=\"govuk-details\" data-module=\"govuk-details\">\n\t\t<summary class=\"govuk-details__summary\">\n\t\t\t<span class=\"govuk-details__summary-text\">\n\t\t\t\tIng. Miriam Bockov\u00e1 \u2013 Breeding Zootechnician for Performance Testing of Farm Animals\t\t\t<\/span>\n\t\t<\/summary>\n\t\t<div class=\"govuk-details__text\">\n\t\t\tRosinsk\u00e1 cesta 12<br>010 08 \u017dilina<br><a href=\"tel:+421918963478\">+421 918 963 478<\/a><br><a href=\"mailto:miriambockova@pssr.sk\">miriambockova@pssr.sk<\/a>\t\t<\/div>\n\t<\/details>\n\n\t\n\n\n\t<details class=\"govuk-details\" data-module=\"govuk-details\">\n\t\t<summary class=\"govuk-details__summary\">\n\t\t\t<span class=\"govuk-details__summary-text\">\n\t\t\t\tIng. Petra Frn\u010dov\u00e1 \u2013 Breeding Zootechnician for Performance Testing of Farm Animals\t\t\t<\/span>\n\t\t<\/summary>\n\t\t<div class=\"govuk-details__text\">\n\t\t\tRosinsk\u00e1 cesta 12<br>010 08 \u017dilina<br><a href=\"tel:+421908679327\">+421 908 679 327<\/a><br><a href=\"mailto:petrafrncova@pssr.sk\">petrafrncova@pssr.sk<\/a>\t\t<\/div>\n\t<\/details>\n\n\t\n\n\n\t<details class=\"govuk-details\" data-module=\"govuk-details\">\n\t\t<summary class=\"govuk-details__summary\">\n\t\t\t<span class=\"govuk-details__summary-text\">\n\t\t\t\tJozef Grobar\u010d\u00edk \u2013 Breeding Zootechnician for Performance Testing of Farm Animals\t\t\t<\/span>\n\t\t<\/summary>\n\t\t<div class=\"govuk-details__text\">\n\t\t\t\u00daPSVR Medvedzie \u010d. 132<br>027 44 Tvrdo\u0161\u00edn<br><a href=\"tel:+421915853183\">+421 915 853 183<\/a><br><a href=\"mailto:jozefgrobarcik@pssr.sk\">jozefgrobarcik@pssr.sk<\/a>\t\t<\/div>\n\t<\/details>\n\n\t","protected":false},"excerpt":{"rendered":"<p>The Breeding Services of the Slovak Republic, s.e. Pod Bano\u0161om 33974 11 Bansk\u00e1 Bystrica+421 48 4113 808company map: map email: regionbb@pssr.skbbystrica@pssr.sk Office Hours<\/p>\n","protected":false},"author":1,"featured_media":0,"parent":0,"menu_order":0,"comment_status":"closed","ping_status":"closed","template":"","meta":{"footnotes":""},"class_list":["post-953","page","type-page","status-publish","hentry"],"_links":{"self":[{"href":"http:\/\/web2.pssr.sk\/index.php\/wp-json\/wp\/v2\/pages\/953","targetHints":{"allow":["GET"]}}],"collection":[{"href":"http:\/\/web2.pssr.sk\/index.php\/wp-json\/wp\/v2\/pages"}],"about":[{"href":"http:\/\/web2.pssr.sk\/index.php\/wp-json\/wp\/v2\/types\/page"}],"author":[{"embeddable":true,"href":"http:\/\/web2.pssr.sk\/index.php\/wp-json\/wp\/v2\/users\/1"}],"replies":[{"embeddable":true,"href":"http:\/\/web2.pssr.sk\/index.php\/wp-json\/wp\/v2\/comments?post=953"}],"version-history":[{"count":3,"href":"http:\/\/web2.pssr.sk\/index.php\/wp-json\/wp\/v2\/pages\/953\/revisions"}],"predecessor-version":[{"id":1089,"href":"http:\/\/web2.pssr.sk\/index.php\/wp-json\/wp\/v2\/pages\/953\/revisions\/1089"}],"wp:attachment":[{"href":"http:\/\/web2.pssr.sk\/index.php\/wp-json\/wp\/v2\/media?parent=953"}],"curies":[{"name":"wp","href":"https:\/\/api.w.org\/{rel}","templated":true}]}}